{"id":12384,"date":"2020-01-27T14:27:36","date_gmt":"2020-01-27T13:27:36","guid":{"rendered":"http:\/\/voicefinder.pl\/?page_id=12384"},"modified":"2020-01-30T12:19:52","modified_gmt":"2020-01-30T11:19:52","slug":"mbon-plus","status":"publish","type":"page","link":"https:\/\/voicefinder.pl\/en\/mbon-plus\/","title":{"rendered":"mBon Plus"},"content":{"rendered":"<div data-elementor-type=\"wp-page\" data-elementor-id=\"12384\" class=\"elementor elementor-12384\" data-elementor-settings=\"[]\">\n\t\t\t\t\t\t<div class=\"elementor-inner\">\n\t\t\t\t\t\t\t<div class=\"elementor-section-wrap\">\n\t\t\t\t\t\t\t<section class=\"elementor-section elementor-top-section elementor-element elementor-element-1729d519 elementor-section-boxed elementor-section-height-default elementor-section-height-default\" data-id=\"1729d519\" data-element_type=\"section\">\n\t\t\t\t\t\t<div class=\"elementor-container elementor-column-gap-default\">\n\t\t\t\t\t\t\t<div class=\"elementor-row\">\n\t\t\t\t\t<div class=\"elementor-column elementor-col-100 elementor-top-column elementor-element elementor-element-6b115234\" data-id=\"6b115234\" data-element_type=\"column\">\n\t\t\t<div class=\"elementor-column-wrap elementor-element-populated\">\n\t\t\t\t\t\t\t<div class=\"elementor-widget-wrap\">\n\t\t\t\t\t\t<div class=\"elementor-element elementor-element-27a32f6 elementor-widget elementor-widget-text-editor\" data-id=\"27a32f6\" data-element_type=\"widget\" data-widget_type=\"text-editor.default\">\n\t\t\t\t<div class=\"elementor-widget-container\">\n\t\t\t\t\t<div class=\"elementor-text-editor elementor-clearfix\"><!-- wp:paragraph -->\n<p>Ma\u0142opolska Agencja Rozwoju Regionalnego S.A. wraz z Partnerem  VoiceFinder S.A. realizuje projekt Ma\u0142opolskie Bony Rozwojowe plus.  Celem projektu jest zwi\u0119kszenie dost\u0119pno\u015bci do us\u0142ug rozwojowych dla M\u015aP  i ich pracownik\u00f3w.     <\/p>\n<!-- \/wp:paragraph --><\/div>\n\t\t\t\t<\/div>\n\t\t\t\t<\/div>\n\t\t\t\t\t\t<\/div>\n\t\t\t\t\t<\/div>\n\t\t<\/div>\n\t\t\t\t\t\t\t\t<\/div>\n\t\t\t\t\t<\/div>\n\t\t<\/section>\n\t\t\t\t\t\t<\/div>\n\t\t\t\t\t\t<\/div>\n\t\t\t\t\t<\/div>","protected":false},"excerpt":{"rendered":"<p>Ma\u0142opolska Agencja Rozwoju Regionalnego S.A. wraz z Partnerem VoiceFinder S.A.&hellip;<\/p>\n<p> <a class=\"more-link\" href=\"https:\/\/voicefinder.pl\/en\/mbon-plus\/\">Read more<\/a><\/p>","protected":false},"author":1,"featured_media":0,"parent":0,"menu_order":0,"comment_status":"closed","ping_status":"closed","template":"","meta":[],"_links":{"self":[{"href":"https:\/\/voicefinder.pl\/en\/wp-json\/wp\/v2\/pages\/12384"}],"collection":[{"href":"https:\/\/voicefinder.pl\/en\/wp-json\/wp\/v2\/pages"}],"about":[{"href":"https:\/\/voicefinder.pl\/en\/wp-json\/wp\/v2\/types\/page"}],"author":[{"embeddable":true,"href":"https:\/\/voicefinder.pl\/en\/wp-json\/wp\/v2\/users\/1"}],"replies":[{"embeddable":true,"href":"https:\/\/voicefinder.pl\/en\/wp-json\/wp\/v2\/comments?post=12384"}],"version-history":[{"count":2,"href":"https:\/\/voicefinder.pl\/en\/wp-json\/wp\/v2\/pages\/12384\/revisions"}],"predecessor-version":[{"id":12429,"href":"https:\/\/voicefinder.pl\/en\/wp-json\/wp\/v2\/pages\/12384\/revisions\/12429"}],"wp:attachment":[{"href":"https:\/\/voicefinder.pl\/en\/wp-json\/wp\/v2\/media?parent=12384"}],"curies":[{"name":"wp","href":"https:\/\/api.w.org\/{rel}","templated":true}]}}