{"id":12072,"date":"2020-01-17T14:44:14","date_gmt":"2020-01-17T13:44:14","guid":{"rendered":"http:\/\/new.voicefinder.pl\/?page_id=12072"},"modified":"2020-01-30T12:31:39","modified_gmt":"2020-01-30T11:31:39","slug":"copy-finder","status":"publish","type":"page","link":"https:\/\/voicefinder.pl\/en\/copy-finder\/","title":{"rendered":""},"content":{"rendered":"<div data-elementor-type=\"wp-page\" data-elementor-id=\"12072\" class=\"elementor elementor-12072\" data-elementor-settings=\"[]\">\n\t\t\t\t\t\t<div class=\"elementor-inner\">\n\t\t\t\t\t\t\t<div class=\"elementor-section-wrap\">\n\t\t\t\t\t\t\t<section class=\"elementor-section elementor-top-section elementor-element elementor-element-27a98fd3 elementor-section-boxed elementor-section-height-default elementor-section-height-default\" data-id=\"27a98fd3\" data-element_type=\"section\">\n\t\t\t\t\t\t<div class=\"elementor-container elementor-column-gap-default\">\n\t\t\t\t\t\t\t<div class=\"elementor-row\">\n\t\t\t\t\t<div class=\"elementor-column elementor-col-100 elementor-top-column elementor-element elementor-element-3e7d1a94\" data-id=\"3e7d1a94\" data-element_type=\"column\">\n\t\t\t<div class=\"elementor-column-wrap elementor-element-populated\">\n\t\t\t\t\t\t\t<div class=\"elementor-widget-wrap\">\n\t\t\t\t\t\t<div class=\"elementor-element elementor-element-9069f11 elementor-widget elementor-widget-heading\" data-id=\"9069f11\" data-element_type=\"widget\" data-widget_type=\"heading.default\">\n\t\t\t\t<div class=\"elementor-widget-container\">\n\t\t\t<h2 class=\"elementor-heading-title elementor-size-default\">Copy Finder<\/h2>\t\t<\/div>\n\t\t\t\t<\/div>\n\t\t\t\t<div class=\"elementor-element elementor-element-155730ad elementor-widget elementor-widget-text-editor\" data-id=\"155730ad\" data-element_type=\"widget\" data-widget_type=\"text-editor.default\">\n\t\t\t\t<div class=\"elementor-widget-container\">\n\t\t\t\t\t<div class=\"elementor-text-editor elementor-clearfix\"><p><!-- wp:paragraph --><\/p>\n<p>Do\u015bwiadczenia zdobyte przy opracowaniu systemu analizy obraz\u00f3w pozwoli\u0142o nam zbudowa\u0107 prototyp oprogramowania wyszukuj\u0105cego w sieci rozleg\u0142ej zdj\u0119cia o zawarto\u015bci zbli\u017conej do fotografii \u017ar\u00f3d\u0142owej. Aplikacja automatycznie identyfikuje obiekty na fotografii a nast\u0119pnie w przeszukuje dost\u0119pne katalogi pod k\u0105tem wyst\u0105pie\u0144 takich samych lub zbli\u017conych obiekt\u00f3w.<br \/>Algorytm stosowany b\u0119dzie w systemach wykrywaj\u0105cych nadu\u017cycia (\u0142amanie praw autorskich) oraz narz\u0119dziach wspieraj\u0105cych sprzeda\u017c (konwersja reklam).<\/p>\n<p><!-- \/wp:paragraph --><\/p><\/div>\n\t\t\t\t<\/div>\n\t\t\t\t<\/div>\n\t\t\t\t<div class=\"elementor-element elementor-element-01653c8 elementor-widget-divider--view-line elementor-widget elementor-widget-divider\" data-id=\"01653c8\" data-element_type=\"widget\" data-widget_type=\"divider.default\">\n\t\t\t\t<div class=\"elementor-widget-container\">\n\t\t\t\t\t<div class=\"elementor-divider\">\n\t\t\t<span class=\"elementor-divider-separator\">\n\t\t\t\t\t\t<\/span>\n\t\t<\/div>\n\t\t\t\t<\/div>\n\t\t\t\t<\/div>\n\t\t\t\t\t\t<\/div>\n\t\t\t\t\t<\/div>\n\t\t<\/div>\n\t\t\t\t\t\t\t\t<\/div>\n\t\t\t\t\t<\/div>\n\t\t<\/section>\n\t\t\t\t<section class=\"elementor-section elementor-top-section elementor-element elementor-element-4bbfe86 elementor-section-boxed elementor-section-height-default elementor-section-height-default\" data-id=\"4bbfe86\" data-element_type=\"section\">\n\t\t\t\t\t\t<div class=\"elementor-container elementor-column-gap-default\">\n\t\t\t\t\t\t\t<div class=\"elementor-row\">\n\t\t\t\t\t<div class=\"elementor-column elementor-col-33 elementor-top-column elementor-element elementor-element-12a743b\" data-id=\"12a743b\" data-element_type=\"column\">\n\t\t\t<div class=\"elementor-column-wrap elementor-element-populated\">\n\t\t\t\t\t\t\t<div class=\"elementor-widget-wrap\">\n\t\t\t\t\t\t<div class=\"elementor-element elementor-element-f57d976 elementor-widget elementor-widget-image\" data-id=\"f57d976\" data-element_type=\"widget\" data-widget_type=\"image.default\">\n\t\t\t\t<div class=\"elementor-widget-container\">\n\t\t\t\t\t<div class=\"elementor-image\">\n\t\t\t\t\t\t\t<figure class=\"wp-caption\">\n\t\t\t\t\t\t\t\t\t\t\t<a href=\"http:\/\/new.voicefinder.pl\/voice-finder\/\">\n\t\t\t\t\t\t\t<img src=\"https:\/\/voicefinder.pl\/wp-content\/uploads\/2020\/01\/Voice_FINDER.png\" title=\"Voice_FINDER\" alt=\"Voice_FINDER\" class=\"elementor-animation-shrink\" \/>\t\t\t\t\t\t\t\t<\/a>\n\t\t\t\t\t\t\t\t\t\t\t<figcaption class=\"widget-image-caption wp-caption-text\">Voice Finder<\/figcaption>\n\t\t\t\t\t\t\t\t\t\t<\/figure>\n\t\t\t\t\t<\/div>\n\t\t\t\t<\/div>\n\t\t\t\t<\/div>\n\t\t\t\t\t\t<\/div>\n\t\t\t\t\t<\/div>\n\t\t<\/div>\n\t\t\t\t<div class=\"elementor-column elementor-col-33 elementor-top-column elementor-element elementor-element-f1b23a3\" data-id=\"f1b23a3\" data-element_type=\"column\">\n\t\t\t<div class=\"elementor-column-wrap elementor-element-populated\">\n\t\t\t\t\t\t\t<div class=\"elementor-widget-wrap\">\n\t\t\t\t\t\t<div class=\"elementor-element elementor-element-788b5be elementor-widget elementor-widget-image\" data-id=\"788b5be\" data-element_type=\"widget\" data-widget_type=\"image.default\">\n\t\t\t\t<div class=\"elementor-widget-container\">\n\t\t\t\t\t<div class=\"elementor-image\">\n\t\t\t\t\t\t\t<figure class=\"wp-caption\">\n\t\t\t\t\t\t\t\t\t\t\t<a href=\"http:\/\/new.voicefinder.pl\/image-finder\/\">\n\t\t\t\t\t\t\t<img src=\"https:\/\/voicefinder.pl\/wp-content\/uploads\/2020\/01\/Image_FINDER.png\" title=\"Image_FINDER\" alt=\"Image_FINDER\" class=\"elementor-animation-shrink\" \/>\t\t\t\t\t\t\t\t<\/a>\n\t\t\t\t\t\t\t\t\t\t\t<figcaption class=\"widget-image-caption wp-caption-text\">Image Finder<\/figcaption>\n\t\t\t\t\t\t\t\t\t\t<\/figure>\n\t\t\t\t\t<\/div>\n\t\t\t\t<\/div>\n\t\t\t\t<\/div>\n\t\t\t\t\t\t<\/div>\n\t\t\t\t\t<\/div>\n\t\t<\/div>\n\t\t\t\t<div class=\"elementor-column elementor-col-33 elementor-top-column elementor-element elementor-element-fd45902\" data-id=\"fd45902\" data-element_type=\"column\">\n\t\t\t<div class=\"elementor-column-wrap elementor-element-populated\">\n\t\t\t\t\t\t\t<div class=\"elementor-widget-wrap\">\n\t\t\t\t\t\t<div class=\"elementor-element elementor-element-d5d52bd elementor-widget elementor-widget-image\" data-id=\"d5d52bd\" data-element_type=\"widget\" data-widget_type=\"image.default\">\n\t\t\t\t<div class=\"elementor-widget-container\">\n\t\t\t\t\t<div class=\"elementor-image\">\n\t\t\t\t\t\t\t<figure class=\"wp-caption\">\n\t\t\t\t\t\t\t\t\t\t\t<a href=\"http:\/\/new.voicefinder.pl\/item-finder\/\">\n\t\t\t\t\t\t\t<img src=\"https:\/\/voicefinder.pl\/wp-content\/uploads\/2020\/01\/Item_FINDER.png\" title=\"Item_FINDER\" alt=\"Item_FINDER\" class=\"elementor-animation-shrink\" \/>\t\t\t\t\t\t\t\t<\/a>\n\t\t\t\t\t\t\t\t\t\t\t<figcaption class=\"widget-image-caption wp-caption-text\">Item Finder<\/figcaption>\n\t\t\t\t\t\t\t\t\t\t<\/figure>\n\t\t\t\t\t<\/div>\n\t\t\t\t<\/div>\n\t\t\t\t<\/div>\n\t\t\t\t\t\t<\/div>\n\t\t\t\t\t<\/div>\n\t\t<\/div>\n\t\t\t\t\t\t\t\t<\/div>\n\t\t\t\t\t<\/div>\n\t\t<\/section>\n\t\t\t\t\t\t<\/div>\n\t\t\t\t\t\t<\/div>\n\t\t\t\t\t<\/div>","protected":false},"excerpt":{"rendered":"<p>Copy Finder Do\u015bwiadczenia zdobyte przy opracowaniu systemu analizy obraz\u00f3w pozwoli\u0142o&hellip;<\/p>\n<p> <a class=\"more-link\" href=\"https:\/\/voicefinder.pl\/en\/copy-finder\/\">Read more<\/a><\/p>","protected":false},"author":1,"featured_media":12116,"parent":0,"menu_order":0,"comment_status":"closed","ping_status":"closed","template":"","meta":[],"_links":{"self":[{"href":"https:\/\/voicefinder.pl\/en\/wp-json\/wp\/v2\/pages\/12072"}],"collection":[{"href":"https:\/\/voicefinder.pl\/en\/wp-json\/wp\/v2\/pages"}],"about":[{"href":"https:\/\/voicefinder.pl\/en\/wp-json\/wp\/v2\/types\/page"}],"author":[{"embeddable":true,"href":"https:\/\/voicefinder.pl\/en\/wp-json\/wp\/v2\/users\/1"}],"replies":[{"embeddable":true,"href":"https:\/\/voicefinder.pl\/en\/wp-json\/wp\/v2\/comments?post=12072"}],"version-history":[{"count":16,"href":"https:\/\/voicefinder.pl\/en\/wp-json\/wp\/v2\/pages\/12072\/revisions"}],"predecessor-version":[{"id":12443,"href":"https:\/\/voicefinder.pl\/en\/wp-json\/wp\/v2\/pages\/12072\/revisions\/12443"}],"wp:featuredmedia":[{"embeddable":true,"href":"https:\/\/voicefinder.pl\/en\/wp-json\/wp\/v2\/media\/12116"}],"wp:attachment":[{"href":"https:\/\/voicefinder.pl\/en\/wp-json\/wp\/v2\/media?parent=12072"}],"curies":[{"name":"wp","href":"https:\/\/api.w.org\/{rel}","templated":true}]}}