{"id":12066,"date":"2020-01-17T14:42:38","date_gmt":"2020-01-17T13:42:38","guid":{"rendered":"http:\/\/new.voicefinder.pl\/?page_id=12066"},"modified":"2020-01-30T12:31:11","modified_gmt":"2020-01-30T11:31:11","slug":"image-finder","status":"publish","type":"page","link":"https:\/\/voicefinder.pl\/en\/image-finder\/","title":{"rendered":""},"content":{"rendered":"<div data-elementor-type=\"wp-page\" data-elementor-id=\"12066\" class=\"elementor elementor-12066\" data-elementor-settings=\"[]\">\n\t\t\t\t\t\t<div class=\"elementor-inner\">\n\t\t\t\t\t\t\t<div class=\"elementor-section-wrap\">\n\t\t\t\t\t\t\t<section class=\"elementor-section elementor-top-section elementor-element elementor-element-529d8891 elementor-section-boxed elementor-section-height-default elementor-section-height-default\" data-id=\"529d8891\" data-element_type=\"section\">\n\t\t\t\t\t\t<div class=\"elementor-container elementor-column-gap-default\">\n\t\t\t\t\t\t\t<div class=\"elementor-row\">\n\t\t\t\t\t<div class=\"elementor-column elementor-col-100 elementor-top-column elementor-element elementor-element-75cdbac\" data-id=\"75cdbac\" data-element_type=\"column\">\n\t\t\t<div class=\"elementor-column-wrap elementor-element-populated\">\n\t\t\t\t\t\t\t<div class=\"elementor-widget-wrap\">\n\t\t\t\t\t\t<div class=\"elementor-element elementor-element-58d12ac elementor-widget elementor-widget-heading\" data-id=\"58d12ac\" data-element_type=\"widget\" data-widget_type=\"heading.default\">\n\t\t\t\t<div class=\"elementor-widget-container\">\n\t\t\t<h2 class=\"elementor-heading-title elementor-size-default\">Image Finder<\/h2>\t\t<\/div>\n\t\t\t\t<\/div>\n\t\t\t\t<div class=\"elementor-element elementor-element-690be4e2 elementor-widget elementor-widget-text-editor\" data-id=\"690be4e2\" data-element_type=\"widget\" data-widget_type=\"text-editor.default\">\n\t\t\t\t<div class=\"elementor-widget-container\">\n\t\t\t\t\t<div class=\"elementor-text-editor elementor-clearfix\"><!-- wp:paragraph -->\n<p>Od pocz\u0105tku 2015 roku rozwijamy autorski system akwizycji tre\u015bci \u2013  automatyczna identyfikacja fotografii wykorzystanych w materia\u0142ach  marketingowych. Oprogramowanie wykorzystywane jest przez agencje bada\u0144 rynku a obecnie pracujemy nad budow\u0105 aplikacji mobilnych, kt\u00f3re w oparciu o zidentyfikowany np. w czasopi\u015bmie produkt automatycznie  przekieruj\u0105 posiadacza smartfonu do w\u0142a\u015bciwego sklepu internetowego. <\/p>\n<!-- \/wp:paragraph -->\n\n<!-- wp:image {\"id\":12067,\"sizeSlug\":\"large\"} -->\n<figure class=\"wp-block-image size-large\"><img loading=\"lazy\" width=\"800\" height=\"4602\" src=\"http:\/\/new.voicefinder.pl\/wp-content\/uploads\/2020\/01\/schemat1_szukanie_wzorcowdowod_new-800x4602.jpg\" alt=\"\" class=\"wp-image-12067\" srcset=\"https:\/\/voicefinder.pl\/wp-content\/uploads\/2020\/01\/schemat1_szukanie_wzorcowdowod_new-scaled.jpg 800w, https:\/\/voicefinder.pl\/wp-content\/uploads\/2020\/01\/schemat1_szukanie_wzorcowdowod_new-768x4417.jpg 768w\" sizes=\"(max-width: 800px) 100vw, 800px\" \/><\/figure>\n<!-- \/wp:image -->\n\n<!-- wp:paragraph -->\n<p>System Image Recognition korzysta z autorskich algorytm\u00f3w opracowanych  przez in\u017cynier\u00f3w AGH, kt\u00f3rych implementacja zapewnia szybko\u015b\u0107 detekcji  przy zachowaniu wysokiego poziomu dok\u0142adno\u015bci. Oprogramowanie posiada szereg mechanizm\u00f3w optymalizuj\u0105cych wydajno\u015b\u0107 systemu (zmniejszenie wielko\u015bci deskryptor\u00f3w, wykorzystanie mocy obliczeniowej procesor\u00f3w GPU). Zastosowanie mechanizmu wst\u0119pnej kategoryzacji umo\u017cliwia przypisanie poszukiwanego obrazu do konkretnej kategorii (ograniczaj\u0105c pole poszukiwa\u0144) co pozwala wykonywa\u0107 obliczenia w niezale\u017cnych klastrach. <\/p>\n<!-- \/wp:paragraph -->\n\n<!-- wp:image {\"id\":12068,\"sizeSlug\":\"large\"} -->\n<figure class=\"wp-block-image size-large\"><img loading=\"lazy\" width=\"800\" height=\"2510\" src=\"http:\/\/new.voicefinder.pl\/wp-content\/uploads\/2020\/01\/imagefinder_schemat_gazetka-800x2510.jpg\" alt=\"\" class=\"wp-image-12068\" srcset=\"https:\/\/voicefinder.pl\/wp-content\/uploads\/2020\/01\/imagefinder_schemat_gazetka.jpg 800w, https:\/\/voicefinder.pl\/wp-content\/uploads\/2020\/01\/imagefinder_schemat_gazetka-768x2409.jpg 768w\" sizes=\"(max-width: 800px) 100vw, 800px\" \/><\/figure>\n<!-- \/wp:image --><\/div>\n\t\t\t\t<\/div>\n\t\t\t\t<\/div>\n\t\t\t\t\t\t<\/div>\n\t\t\t\t\t<\/div>\n\t\t<\/div>\n\t\t\t\t\t\t\t\t<\/div>\n\t\t\t\t\t<\/div>\n\t\t<\/section>\n\t\t\t\t<section class=\"elementor-section elementor-top-section elementor-element elementor-element-b3f1397 elementor-section-boxed elementor-section-height-default elementor-section-height-default\" data-id=\"b3f1397\" data-element_type=\"section\">\n\t\t\t\t\t\t<div class=\"elementor-container elementor-column-gap-default\">\n\t\t\t\t\t\t\t<div class=\"elementor-row\">\n\t\t\t\t\t<div class=\"elementor-column elementor-col-100 elementor-top-column elementor-element elementor-element-e703ef3\" data-id=\"e703ef3\" data-element_type=\"column\">\n\t\t\t<div class=\"elementor-column-wrap elementor-element-populated\">\n\t\t\t\t\t\t\t<div class=\"elementor-widget-wrap\">\n\t\t\t\t\t\t<div class=\"elementor-element elementor-element-7309d3a elementor-widget-divider--view-line elementor-widget elementor-widget-divider\" data-id=\"7309d3a\" data-element_type=\"widget\" data-widget_type=\"divider.default\">\n\t\t\t\t<div class=\"elementor-widget-container\">\n\t\t\t\t\t<div class=\"elementor-divider\">\n\t\t\t<span class=\"elementor-divider-separator\">\n\t\t\t\t\t\t<\/span>\n\t\t<\/div>\n\t\t\t\t<\/div>\n\t\t\t\t<\/div>\n\t\t\t\t\t\t<\/div>\n\t\t\t\t\t<\/div>\n\t\t<\/div>\n\t\t\t\t\t\t\t\t<\/div>\n\t\t\t\t\t<\/div>\n\t\t<\/section>\n\t\t\t\t<section class=\"elementor-section elementor-top-section elementor-element elementor-element-a5f93d7 elementor-section-boxed elementor-section-height-default elementor-section-height-default\" data-id=\"a5f93d7\" data-element_type=\"section\">\n\t\t\t\t\t\t<div class=\"elementor-container elementor-column-gap-default\">\n\t\t\t\t\t\t\t<div class=\"elementor-row\">\n\t\t\t\t\t<div class=\"elementor-column elementor-col-33 elementor-top-column elementor-element elementor-element-0ad0c25\" data-id=\"0ad0c25\" data-element_type=\"column\">\n\t\t\t<div class=\"elementor-column-wrap elementor-element-populated\">\n\t\t\t\t\t\t\t<div class=\"elementor-widget-wrap\">\n\t\t\t\t\t\t<div class=\"elementor-element elementor-element-4ea1079 elementor-widget elementor-widget-image\" data-id=\"4ea1079\" data-element_type=\"widget\" data-widget_type=\"image.default\">\n\t\t\t\t<div class=\"elementor-widget-container\">\n\t\t\t\t\t<div class=\"elementor-image\">\n\t\t\t\t\t\t\t<figure class=\"wp-caption\">\n\t\t\t\t\t\t\t\t\t\t\t<a href=\"http:\/\/new.voicefinder.pl\/item-finder\/\">\n\t\t\t\t\t\t\t<img src=\"https:\/\/voicefinder.pl\/wp-content\/uploads\/2020\/01\/Item_FINDER.png\" title=\"Item_FINDER\" alt=\"Item_FINDER\" class=\"elementor-animation-shrink\" \/>\t\t\t\t\t\t\t\t<\/a>\n\t\t\t\t\t\t\t\t\t\t\t<figcaption class=\"widget-image-caption wp-caption-text\">Item Finder<\/figcaption>\n\t\t\t\t\t\t\t\t\t\t<\/figure>\n\t\t\t\t\t<\/div>\n\t\t\t\t<\/div>\n\t\t\t\t<\/div>\n\t\t\t\t\t\t<\/div>\n\t\t\t\t\t<\/div>\n\t\t<\/div>\n\t\t\t\t<div class=\"elementor-column elementor-col-33 elementor-top-column elementor-element elementor-element-cfbb431\" data-id=\"cfbb431\" data-element_type=\"column\">\n\t\t\t<div class=\"elementor-column-wrap elementor-element-populated\">\n\t\t\t\t\t\t\t<div class=\"elementor-widget-wrap\">\n\t\t\t\t\t\t<div class=\"elementor-element elementor-element-95b539c elementor-widget elementor-widget-image\" data-id=\"95b539c\" data-element_type=\"widget\" data-widget_type=\"image.default\">\n\t\t\t\t<div class=\"elementor-widget-container\">\n\t\t\t\t\t<div class=\"elementor-image\">\n\t\t\t\t\t\t\t<figure class=\"wp-caption\">\n\t\t\t\t\t\t\t\t\t\t\t<a href=\"http:\/\/new.voicefinder.pl\/voice-finder\/\">\n\t\t\t\t\t\t\t<img src=\"https:\/\/voicefinder.pl\/wp-content\/uploads\/2020\/01\/Voice_FINDER.png\" title=\"Voice_FINDER\" alt=\"Voice_FINDER\" class=\"elementor-animation-shrink\" \/>\t\t\t\t\t\t\t\t<\/a>\n\t\t\t\t\t\t\t\t\t\t\t<figcaption class=\"widget-image-caption wp-caption-text\">Voice Finder<\/figcaption>\n\t\t\t\t\t\t\t\t\t\t<\/figure>\n\t\t\t\t\t<\/div>\n\t\t\t\t<\/div>\n\t\t\t\t<\/div>\n\t\t\t\t\t\t<\/div>\n\t\t\t\t\t<\/div>\n\t\t<\/div>\n\t\t\t\t<div class=\"elementor-column elementor-col-33 elementor-top-column elementor-element elementor-element-97ba276\" data-id=\"97ba276\" data-element_type=\"column\">\n\t\t\t<div class=\"elementor-column-wrap elementor-element-populated\">\n\t\t\t\t\t\t\t<div class=\"elementor-widget-wrap\">\n\t\t\t\t\t\t<div class=\"elementor-element elementor-element-bbc1b7d elementor-widget elementor-widget-image\" data-id=\"bbc1b7d\" data-element_type=\"widget\" data-widget_type=\"image.default\">\n\t\t\t\t<div class=\"elementor-widget-container\">\n\t\t\t\t\t<div class=\"elementor-image\">\n\t\t\t\t\t\t\t<figure class=\"wp-caption\">\n\t\t\t\t\t\t\t\t\t\t\t<a href=\"http:\/\/new.voicefinder.pl\/copy-finder\/\">\n\t\t\t\t\t\t\t<img src=\"https:\/\/voicefinder.pl\/wp-content\/uploads\/2020\/01\/Copy_FINDER.png\" title=\"Copy_FINDER\" alt=\"Copy_FINDER\" class=\"elementor-animation-shrink\" \/>\t\t\t\t\t\t\t\t<\/a>\n\t\t\t\t\t\t\t\t\t\t\t<figcaption class=\"widget-image-caption wp-caption-text\">Copy Finder<\/figcaption>\n\t\t\t\t\t\t\t\t\t\t<\/figure>\n\t\t\t\t\t<\/div>\n\t\t\t\t<\/div>\n\t\t\t\t<\/div>\n\t\t\t\t\t\t<\/div>\n\t\t\t\t\t<\/div>\n\t\t<\/div>\n\t\t\t\t\t\t\t\t<\/div>\n\t\t\t\t\t<\/div>\n\t\t<\/section>\n\t\t\t\t\t\t<\/div>\n\t\t\t\t\t\t<\/div>\n\t\t\t\t\t<\/div>","protected":false},"excerpt":{"rendered":"<p>Image Finder Od pocz\u0105tku 2015 roku rozwijamy autorski system akwizycji&hellip;<\/p>\n<p> <a class=\"more-link\" href=\"https:\/\/voicefinder.pl\/en\/image-finder\/\">Read more<\/a><\/p>","protected":false},"author":1,"featured_media":12101,"parent":0,"menu_order":0,"comment_status":"closed","ping_status":"closed","template":"","meta":[],"_links":{"self":[{"href":"https:\/\/voicefinder.pl\/en\/wp-json\/wp\/v2\/pages\/12066"}],"collection":[{"href":"https:\/\/voicefinder.pl\/en\/wp-json\/wp\/v2\/pages"}],"about":[{"href":"https:\/\/voicefinder.pl\/en\/wp-json\/wp\/v2\/types\/page"}],"author":[{"embeddable":true,"href":"https:\/\/voicefinder.pl\/en\/wp-json\/wp\/v2\/users\/1"}],"replies":[{"embeddable":true,"href":"https:\/\/voicefinder.pl\/en\/wp-json\/wp\/v2\/comments?post=12066"}],"version-history":[{"count":13,"href":"https:\/\/voicefinder.pl\/en\/wp-json\/wp\/v2\/pages\/12066\/revisions"}],"predecessor-version":[{"id":12440,"href":"https:\/\/voicefinder.pl\/en\/wp-json\/wp\/v2\/pages\/12066\/revisions\/12440"}],"wp:featuredmedia":[{"embeddable":true,"href":"https:\/\/voicefinder.pl\/en\/wp-json\/wp\/v2\/media\/12101"}],"wp:attachment":[{"href":"https:\/\/voicefinder.pl\/en\/wp-json\/wp\/v2\/media?parent=12066"}],"curies":[{"name":"wp","href":"https:\/\/api.w.org\/{rel}","templated":true}]}}