{"id":12465,"date":"2020-03-06T13:03:30","date_gmt":"2020-03-06T12:03:30","guid":{"rendered":"http:\/\/voicefinder.pl\/?page_id=12465"},"modified":"2021-01-19T11:38:24","modified_gmt":"2021-01-19T10:38:24","slug":"zamowienia-2","status":"publish","type":"page","link":"http:\/\/voicefinder.pl\/en\/zamowienia-2\/","title":{"rendered":"Orders"},"content":{"rendered":"<table width=\"973\">\n<tbody>\n<tr>\n<td width=\"132\">\n<p style=\"text-align: center;\"><strong>DATA PUBLIKACJI<\/strong><\/p>\n<\/td>\n<td style=\"text-align: center;\" width=\"151\"><strong>PROGRAM<\/strong><\/td>\n<td style=\"text-align: center;\" width=\"595\"><strong>PRZEDMIOT ZAM\u00d3WIENIA<\/strong><\/td>\n<td width=\"94\">\n<p style=\"text-align: center;\"><strong>STATUS<\/strong><\/p>\n<\/td>\n<\/tr>\n<tr>\n<td width=\"132\">31.03.2017<\/td>\n<td width=\"151\">\n<p style=\"text-align: center;\">Go_Global.pl &#8211; zapytanie 1\/2017<\/p>\n<\/td>\n<td width=\"595\">\n<p style=\"text-align: center;\">Us\u0142uga opracowania strategii wprowadzenia na rynki angloj\u0119zyczne innowacyjnych produkt\u00f3w i us\u0142ug wykorzystuj\u0105cych technologi\u0119 rozpoznawania mowy.<\/p>\n<\/td>\n<td width=\"94\">Zamkni\u0119te<\/td>\n<\/tr>\n<tr>\n<td colspan=\"4\" width=\"973\"><span style=\"text-decoration: underline;\"><a href=\"http:\/\/voicefinder.pl\/wp-content\/uploads\/2020\/03\/Zapytanie-1-2017-Go_Global.pdf\">Zapytanie &#8211; oferta<\/a><\/span><\/td>\n<\/tr>\n<tr>\n<td colspan=\"4\" width=\"973\"><span style=\"text-decoration: underline;\"><a href=\"http:\/\/voicefinder.pl\/wp-content\/uploads\/2020\/03\/Zal.1-do-Z.O.-1-2017-Go_Global.doc\">Za\u0142\u0105cznik nr 1 &#8211; oferta (wersja do edycji)<\/a><\/span><\/td>\n<\/tr>\n<tr>\n<td colspan=\"4\" width=\"973\"><span style=\"text-decoration: underline;\"><a href=\"http:\/\/voicefinder.pl\/wp-content\/uploads\/2020\/03\/INFORMACJA-O-WYBORZE-NAJKORZYSTNIEJSZEJ-OFERTY.pdf\">Informacja o wyborze oferty<\/a><\/span><\/td>\n<\/tr>\n<\/tbody>\n<\/table>\n<p style=\"line-height: 1,5cm;\">\n<table style=\"height: 299px;\" width=\"972\">\n<tbody>\n<tr>\n<td width=\"132\">\n<p style=\"text-align: center;\"><strong>DATA PUBLIKACJI<\/strong><\/p>\n<\/td>\n<td style=\"text-align: center;\" width=\"151\"><strong>PROGRAM<\/strong><\/td>\n<td style=\"text-align: center;\" width=\"595\"><strong>PRZEDMIOT ZAM\u00d3WIENIA<\/strong><\/td>\n<td width=\"94\">\n<p style=\"text-align: center;\"><strong>STATUS<\/strong><\/p>\n<\/td>\n<\/tr>\n<tr>\n<td width=\"132\">11.04.2017<\/td>\n<td width=\"151\">\n<p style=\"text-align: center;\">Go_Global.pl &#8211; zapytanie 2\/2017<\/p>\n<\/td>\n<td width=\"595\">\n<p style=\"text-align: center;\">Modernizacja serwisu internetowego www.voicefinder.pl.<\/p>\n<\/td>\n<td width=\"94\">Zamkni\u0119te<\/td>\n<\/tr>\n<tr>\n<td colspan=\"4\" width=\"973\"><span style=\"text-decoration: underline;\"><a href=\"http:\/\/voicefinder.pl\/wp-content\/uploads\/2020\/03\/Zapytanie-ofertowe-2.2017-Go_Global.pdf\">Zapytanie &#8211; oferta<\/a><\/span><\/td>\n<\/tr>\n<tr>\n<td colspan=\"4\" width=\"973\"><span style=\"text-decoration: underline;\"><a href=\"http:\/\/voicefinder.pl\/wp-content\/uploads\/2020\/03\/Zal.1-do-Z.O.-2-2017-Go_Global.doc\">Za\u0142\u0105cznik nr 1 &#8211; oferta (wersja do edycji)<\/a><\/span><\/td>\n<\/tr>\n<tr>\n<td colspan=\"4\" width=\"973\"><span style=\"text-decoration: underline;\"><a href=\"http:\/\/voicefinder.pl\/wp-content\/uploads\/2020\/03\/INFORMACJA-O-WYBORZE-NAJKORZYSTNIEJSZEJ-OFERT1.pdf\">Informacja o wyborze oferty<\/a><\/span><\/td>\n<\/tr>\n<\/tbody>\n<\/table>\n<p style=\"line-height: 1,5cm;\">\n<table width=\"973\">\n<tbody>\n<tr>\n<td width=\"132\">\n<p style=\"text-align: center;\"><strong>DATA PUBLIKACJI<\/strong><\/p>\n<\/td>\n<td style=\"text-align: center;\" width=\"151\"><strong>NUMER ZAM\u00d3WIENIA<\/strong><\/td>\n<td style=\"text-align: center;\" width=\"605\"><strong>PRZEDMIOT ZAM\u00d3WIENIA<\/strong><\/td>\n<td width=\"85\">\n<p style=\"text-align: center;\"><strong>STATUS<\/strong><\/p>\n<\/td>\n<\/tr>\n<tr>\n<td width=\"132\">\n<p style=\"text-align: center;\">19.04.2019<\/p>\n<\/td>\n<td style=\"text-align: center;\" width=\"151\">01\/04\/2019<\/td>\n<td style=\"text-align: center;\" width=\"605\">Wykonanie kompleksowej us\u0142ugi marketingowej w celu promocji produkt\u00f3w Voicefinder S.A na terenie USA<\/td>\n<td width=\"85\">\n<p style=\"text-align: center;\">Zamkni\u0119te<\/p>\n<\/td>\n<\/tr>\n<tr>\n<td colspan=\"4\" width=\"973\"><a href=\"http:\/\/voicefinder.pl\/wp-content\/uploads\/2020\/03\/Zapytanie-ofertowe..pdf\"><span style=\"text-decoration: underline;\">Zapytanie ofertowe<\/span><\/a><\/td>\n<\/tr>\n<tr>\n<td colspan=\"4\" width=\"973\"><a href=\"http:\/\/voicefinder.pl\/wp-content\/uploads\/2020\/03\/Opis-przedmiotu-zamowienia.pdf\"><span style=\"text-decoration: underline;\">Opis przedmiotu zam\u00f3wienia<\/span><\/a><\/td>\n<\/tr>\n<tr>\n<td colspan=\"4\" width=\"973\"><a href=\"http:\/\/voicefinder.pl\/wp-content\/uploads\/2020\/03\/Oswiadczenie-wykonawcy.pdf\"><span style=\"text-decoration: underline;\">O\u015bwiadczenie wykonawcy<\/span><\/a><\/td>\n<\/tr>\n<tr>\n<td colspan=\"4\" width=\"973\"><a href=\"http:\/\/voicefinder.pl\/wp-content\/uploads\/2020\/03\/Protokol-odbioru-uslugi.pdf\"><span style=\"text-decoration: underline;\">Protok\u00f3\u0142 odbioru us\u0142ugi<\/span><\/a><\/td>\n<\/tr>\n<tr>\n<td colspan=\"4\" width=\"973\"><a href=\"http:\/\/voicefinder.pl\/wp-content\/uploads\/2020\/03\/Wzor-umowy.pdf\"><span style=\"text-decoration: underline;\">Wz\u00f3r umowy<\/span><\/a><\/td>\n<\/tr>\n<tr>\n<td colspan=\"4\" width=\"973\"><a href=\"http:\/\/voicefinder.pl\/wp-content\/uploads\/2020\/03\/Formularz-oferty.pdf\"><span style=\"text-decoration: underline;\">Formularz oferty<\/span><\/a><\/td>\n<\/tr>\n<tr>\n<td colspan=\"4\" width=\"973\"><a href=\"http:\/\/voicefinder.pl\/wp-content\/uploads\/2020\/03\/Zawiadomienie-o-wyborze-oferty-01_04_2019.pdf\"><span style=\"text-decoration: underline;\">Zawiadomienie o wyborze oferty<\/span><\/a><\/td>\n<\/tr>\n<\/tbody>\n<\/table>\n<p style=\"line-height: 1,5cm;\">\n<table width=\"973\">\n<tbody>\n<tr>\n<td width=\"132\">\n<p style=\"text-align: center;\"><strong>DATA PUBLIKACJI<\/strong><\/p>\n<\/td>\n<td style=\"text-align: center;\" width=\"151\"><strong>NUMER ZAM\u00d3WIENIA<\/strong><\/td>\n<td style=\"text-align: center;\" width=\"605\"><strong>PRZEDMIOT ZAM\u00d3WIENIA<\/strong><\/td>\n<td width=\"85\">\n<p style=\"text-align: center;\"><strong>STATUS<\/strong><\/p>\n<\/td>\n<\/tr>\n<tr>\n<td width=\"132\">\n<p style=\"text-align: center;\">19.04.2019<\/p>\n<\/td>\n<td style=\"text-align: center;\" width=\"151\">02\/04\/2019<\/td>\n<td style=\"text-align: center;\" width=\"605\">\n<p style=\"text-align: center;\">Us\u0142uga przygotowania i prowadzenia dzia\u0142a\u0144 promocyjnych w celu promowania produkt\u00f3w Voicefinder S.A. na terenie USA<\/p>\n<\/td>\n<td width=\"85\">\n<p style=\"text-align: center;\">Zamkni\u0119te<\/p>\n<\/td>\n<\/tr>\n<tr>\n<td colspan=\"4\" width=\"973\"><span style=\"text-decoration: underline;\"><a href=\"http:\/\/voicefinder.pl\/wp-content\/uploads\/2020\/03\/Zapytanie-ofertowe.pdf\">Zapytanie ofertowe<\/a><\/span><\/td>\n<\/tr>\n<tr>\n<td colspan=\"4\" width=\"973\"><span style=\"text-decoration: underline;\"><a href=\"http:\/\/voicefinder.pl\/wp-content\/uploads\/2020\/03\/Opis-przedmiotu-zamowienia-1.pdf\">Opis przedmiotu zam\u00f3wienia<\/a><\/span><\/td>\n<\/tr>\n<tr>\n<td colspan=\"4\" width=\"973\"><span style=\"text-decoration: underline;\"><a href=\"http:\/\/voicefinder.pl\/wp-content\/uploads\/2020\/03\/Oswiadczenie-wykonawcy-1.pdf\">O\u015bwiadczenie wykonawcy<\/a><\/span><\/td>\n<\/tr>\n<tr>\n<td colspan=\"4\" width=\"973\"><span style=\"text-decoration: underline;\"><a href=\"http:\/\/voicefinder.pl\/wp-content\/uploads\/2020\/03\/Protokol-odbioru-uslugi-1.pdf\">Protok\u00f3\u0142 odbioru us\u0142ugi<\/a><\/span><\/td>\n<\/tr>\n<tr>\n<td colspan=\"4\" width=\"973\"><span style=\"text-decoration: underline;\"><a href=\"http:\/\/voicefinder.pl\/wp-content\/uploads\/2020\/03\/Wzor-umowy-1.pdf\">Wz\u00f3r umowy<\/a><\/span><\/td>\n<\/tr>\n<tr>\n<td colspan=\"4\" width=\"973\"><span style=\"text-decoration: underline;\"><a href=\"http:\/\/voicefinder.pl\/wp-content\/uploads\/2020\/03\/Formularz-oferty-1.pdf\">Formularz oferty<\/a><\/span><\/td>\n<\/tr>\n<tr>\n<td colspan=\"4\" width=\"973\"><span style=\"text-decoration: underline;\"><a href=\"http:\/\/voicefinder.pl\/wp-content\/uploads\/2020\/03\/Regulamin_MPG.pdf\">Regulamin MPG<\/a><\/span><\/td>\n<\/tr>\n<tr>\n<td colspan=\"4\" width=\"973\"><span style=\"text-decoration: underline;\"><a href=\"http:\/\/voicefinder.pl\/wp-content\/uploads\/2020\/03\/MPG_panel_promocyjny_na_strone.pdf\">MPG panel promocyjny\u00a0<\/a><\/span><\/td>\n<\/tr>\n<\/tbody>\n<\/table>\n<p style=\"line-height: 1,5cm;\">\n<table style=\"height: 291px;\" width=\"975\">\n<tbody>\n<tr>\n<td width=\"132\">\n<p style=\"text-align: center;\"><strong>DATA PUBLIKACJI<\/strong><\/p>\n<\/td>\n<td style=\"text-align: center;\" width=\"151\"><strong>PROGRAM<\/strong><\/td>\n<td style=\"text-align: center;\" width=\"595\"><strong>PRZEDMIOT ZAM\u00d3WIENIA<\/strong><\/td>\n<td width=\"94\">\n<p style=\"text-align: center;\"><strong>STATUS<\/strong><\/p>\n<\/td>\n<\/tr>\n<tr>\n<td width=\"132\">\n<p style=\"text-align: center;\">10.06.2019<\/p>\n<\/td>\n<td style=\"text-align: center;\" width=\"151\">Bony na innowacje<\/td>\n<td style=\"text-align: center;\" width=\"595\">Us\u0142uga opracowania prototypu systemu gromadzenia danych o cenach poszczeg\u00f3lnych produkt\u00f3w w sieciach FMCG w oparciu o urz\u0105dzenia mobilne.<\/td>\n<td width=\"94\">\n<p style=\"text-align: center;\">Zamkni\u0119te<\/p>\n<\/td>\n<\/tr>\n<tr>\n<td colspan=\"4\" width=\"973\"><a href=\"http:\/\/voicefinder.pl\/wp-content\/uploads\/2020\/03\/ZAPVF.pdf\"><span style=\"text-decoration: underline;\">Zapytanie &#8211; oferta<\/span><\/a><\/td>\n<\/tr>\n<tr>\n<td colspan=\"4\" width=\"973\"><a href=\"http:\/\/voicefinder.pl\/wp-content\/uploads\/2020\/03\/Zapytanie-ofertowe_VF_2019.docx\"><span style=\"text-decoration: underline;\">Zapytanie &#8211; oferta (wersja do edycji)<\/span><\/a><\/td>\n<\/tr>\n<tr>\n<td colspan=\"4\" width=\"973\"><a href=\"http:\/\/voicefinder.pl\/wp-content\/uploads\/2020\/03\/zmiana-VF.pdf\"><span style=\"text-decoration: underline;\">Informacja o przesuni\u0119ciu terminu sk\u0142adania ofert<\/span><\/a><\/td>\n<\/tr>\n<\/tbody>\n<\/table>\n<p style=\"line-height: 1,5cm;\">\n<table style=\"height: 291px;\" width=\"975\">\n<tbody>\n<tr>\n<td width=\"132\">\n<p style=\"text-align: center;\"><strong>DATA PUBLIKACJI<\/strong><\/p>\n<\/td>\n<td style=\"text-align: center;\" width=\"151\"><strong>NUMER ZAM\u00d3WIENIA<\/strong><\/td>\n<td style=\"text-align: center;\" width=\"595\"><strong>PRZEDMIOT ZAM\u00d3WIENIA<\/strong><\/td>\n<td width=\"94\">\n<p style=\"text-align: center;\"><strong>STATUS<\/strong><\/p>\n<\/td>\n<\/tr>\n<tr>\n<td width=\"132\">\n<p style=\"text-align: center;\">02.01.2020<\/p>\n<\/td>\n<td style=\"text-align: center;\" width=\"151\">02\/01\/2020<\/td>\n<td style=\"text-align: center;\" width=\"595\">Poszukiwany programista ds. systemu informatycznego<\/td>\n<td width=\"94\">\n<p style=\"text-align: center;\">Zamkni\u0119te<\/p>\n<\/td>\n<\/tr>\n<tr>\n<td colspan=\"4\" width=\"973\"><a href=\"http:\/\/voicefinder.pl\/wp-content\/uploads\/2021\/01\/Rozeznanie-rynku.pdf\"><span style=\"text-decoration: underline;\">Zapytanie ofertowe<\/span><\/a><\/td>\n<\/tr>\n<\/tbody>\n<\/table>\n<p style=\"line-height: 1,5cm;\">\n<table style=\"height: 342px;\" width=\"973\">\n<tbody>\n<tr>\n<td style=\"text-align: center;\" width=\"132\"><strong>DATA PUBLIKACJI<\/strong><\/td>\n<td style=\"text-align: center;\" width=\"151\"><strong>NUMER ZAM\u00d3WIENIA<\/strong><\/td>\n<td style=\"text-align: center;\" width=\"605\"><strong>PRZEDMIOT ZAM\u00d3WIENIA<\/strong><\/td>\n<td width=\"85\">\n<p style=\"text-align: center;\"><strong>STATUS<\/strong><\/p>\n<\/td>\n<\/tr>\n<tr>\n<td width=\"132\">\n<p style=\"text-align: center;\">22.01.2020<\/p>\n<\/td>\n<td style=\"text-align: center;\" width=\"151\">01\/01\/2020\/MBRplus<\/td>\n<td style=\"text-align: center;\" width=\"605\">Us\u0142uga dzier\u017cawy serwera dla potrzeb systemu obiegu bon\u00f3w oraz serwera dla pozosta\u0142ych system\u00f3w (rekrutacji, zarz\u0105dzania\/administrowania) do realizacji projektu \u201eMa\u0142opolskie Bony Rozwojowe plus\u201d<\/td>\n<td width=\"85\">\n<p style=\"text-align: center;\">Uniewa\u017cnione<\/p>\n<\/td>\n<\/tr>\n<tr>\n<td colspan=\"4\" width=\"973\"><span style=\"text-decoration: underline;\"><a href=\"http:\/\/voicefinder.pl\/wp-content\/uploads\/2020\/01\/Zapytanie_serwer.pdf\">Zapytanie ofertowe<\/a><\/span><\/td>\n<\/tr>\n<tr>\n<td colspan=\"4\" width=\"973\"><span style=\"text-decoration: underline;\"><a href=\"http:\/\/voicefinder.pl\/wp-content\/uploads\/2020\/01\/Za\u0142\u0105cznik-nr-1_Oferta_serwer-wersja-edytowalna.docx\">Formularz oferty \u2013 Za\u0142\u0105cznik nr 1 (wersja do edycji)<\/a><\/span><\/td>\n<\/tr>\n<tr>\n<td colspan=\"4\" width=\"973\"><span style=\"text-decoration: underline;\"><a href=\"http:\/\/voicefinder.pl\/wp-content\/uploads\/2020\/01\/Za\u0142\u0105cznik-nr-1_Oferta_serwer.pdf\">Formularz oferty<\/a><\/span><\/td>\n<\/tr>\n<tr>\n<td colspan=\"4\" width=\"973\"><span style=\"text-decoration: underline;\"><a href=\"http:\/\/voicefinder.pl\/wp-content\/uploads\/2020\/01\/Za\u0142\u0105cznik-nr-2_O\u015bwiadczenie-o-braku-powi\u0105za\u0144-wersja-edytowalna.docx\">O\u015bwiadczenie o braku powi\u0105za\u0144 \u2013 Za\u0142\u0105cznik nr 2 (wersja do edycji)<\/a><\/span><\/td>\n<\/tr>\n<tr>\n<td colspan=\"4\" width=\"973\"><span style=\"text-decoration: underline;\"><a href=\"http:\/\/voicefinder.pl\/wp-content\/uploads\/2020\/01\/Za\u0142\u0105cznik-nr-2_O\u015bwiadczenie-o-braku-powi\u0105za\u0144.pdf\">O\u015bwiadczenie o braku powi\u0105za\u0144<\/a><\/span><\/td>\n<\/tr>\n<tr>\n<td colspan=\"4\" width=\"973\"><span style=\"text-decoration: underline;\"><a href=\"http:\/\/voicefinder.pl\/wp-content\/uploads\/2020\/01\/Informacja-o-uniewa\u017cnieniu-zapytania.pdf\">Informacja o uniewa\u017cnieniu zapytania<\/a><\/span><\/td>\n<\/tr>\n<\/tbody>\n<\/table>\n<p style=\"line-height: 1,5cm;\">\n<table width=\"973\">\n<tbody>\n<tr>\n<td width=\"132\">\n<p style=\"text-align: center;\"><strong>DATA PUBLIKACJI<\/strong><\/p>\n<\/td>\n<td style=\"text-align: center;\" width=\"151\"><strong>NUMER ZAM\u00d3WIENIA<\/strong><\/td>\n<td style=\"text-align: center;\" width=\"605\"><strong>PRZEDMIOT ZAM\u00d3WIENIA<\/strong><\/td>\n<td width=\"85\">\n<p style=\"text-align: center;\"><strong>STATUS<\/strong><\/p>\n<\/td>\n<\/tr>\n<tr>\n<td width=\"132\">\n<p style=\"text-align: center;\">20.02.2020<\/p>\n<\/td>\n<td style=\"text-align: center;\" width=\"151\">01\/02\/2020\/MBRplus<\/td>\n<td style=\"text-align: center;\" width=\"605\">Us\u0142uga dzier\u017cawy serwera dla potrzeb systemu obiegu bon\u00f3w oraz serwera dla pozosta\u0142ych system\u00f3w (rekrutacji, zarz\u0105dzania\/administrowania) do realizacji projektu \u201eMa\u0142opolskie Bony Rozwojowe plus\u201d<\/td>\n<td width=\"85\">\n<p style=\"text-align: center;\">Zamkni\u0119te<\/p>\n<\/td>\n<\/tr>\n<tr>\n<td colspan=\"4\" width=\"973\"><span style=\"text-decoration: underline;\"><a href=\"http:\/\/voicefinder.pl\/wp-content\/uploads\/2020\/03\/Zapytanie_serwer2.pdf\">Zapytanie ofertowe<\/a><\/span><\/td>\n<\/tr>\n<tr>\n<td colspan=\"4\" width=\"973\"><span style=\"text-decoration: underline;\"><a href=\"http:\/\/voicefinder.pl\/wp-content\/uploads\/2020\/03\/Za\u0142\u0105cznik-nr-1_Oferta_serwer2.docx\">Formularz oferty \u2013 Za\u0142\u0105cznik nr 1 (wersja do edycji)<\/a><\/span><\/td>\n<\/tr>\n<tr>\n<td colspan=\"4\" width=\"973\"><span style=\"text-decoration: underline;\"><a href=\"http:\/\/voicefinder.pl\/wp-content\/uploads\/2020\/03\/Za\u0142\u0105cznik-nr-1_Oferta_serwer2.pdf\">Formularz oferty<\/a><\/span><\/td>\n<\/tr>\n<tr>\n<td colspan=\"4\" width=\"973\"><span style=\"text-decoration: underline;\"><a href=\"http:\/\/voicefinder.pl\/wp-content\/uploads\/2020\/03\/Za\u0142\u0105cznik-nr-2_O\u015bwiadczenie-o-braku-powi\u0105za\u01442.docx\">O\u015bwiadczenie o braku powi\u0105za\u0144 \u2013 Za\u0142\u0105cznik nr 2 (wersja do edycji)<\/a><\/span><\/td>\n<\/tr>\n<tr>\n<td colspan=\"4\" width=\"973\"><span style=\"text-decoration: underline;\"><a href=\"http:\/\/voicefinder.pl\/wp-content\/uploads\/2020\/03\/Za\u0142\u0105cznik-nr-2_O\u015bwiadczenie-o-braku-powi\u0105za\u01442.pdf\">O\u015bwiadczenie o braku powi\u0105za\u0144<\/a><\/span><\/td>\n<\/tr>\n<tr>\n<td colspan=\"4\" width=\"973\"><span style=\"text-decoration: underline;\"><a href=\"http:\/\/voicefinder.pl\/wp-content\/uploads\/2020\/03\/Zawiadomienie-o-wyborze-wykonawcy2.pdf\">Zawiadomienie o wyborze wykonawcy<\/a><\/span><\/td>\n<\/tr>\n<\/tbody>\n<\/table>","protected":false},"excerpt":{"rendered":"<p>DATA PUBLIKACJI PROGRAM PRZEDMIOT ZAM\u00d3WIENIA STATUS 31.03.2017 Go_Global.pl &#8211; zapytanie&hellip;<\/p>\n<p> <a class=\"more-link\" href=\"http:\/\/voicefinder.pl\/en\/zamowienia-2\/\">Read more<\/a><\/p>","protected":false},"author":1,"featured_media":0,"parent":0,"menu_order":0,"comment_status":"closed","ping_status":"closed","template":"","meta":[],"_links":{"self":[{"href":"http:\/\/voicefinder.pl\/en\/wp-json\/wp\/v2\/pages\/12465"}],"collection":[{"href":"http:\/\/voicefinder.pl\/en\/wp-json\/wp\/v2\/pages"}],"about":[{"href":"http:\/\/voicefinder.pl\/en\/wp-json\/wp\/v2\/types\/page"}],"author":[{"embeddable":true,"href":"http:\/\/voicefinder.pl\/en\/wp-json\/wp\/v2\/users\/1"}],"replies":[{"embeddable":true,"href":"http:\/\/voicefinder.pl\/en\/wp-json\/wp\/v2\/comments?post=12465"}],"version-history":[{"count":43,"href":"http:\/\/voicefinder.pl\/en\/wp-json\/wp\/v2\/pages\/12465\/revisions"}],"predecessor-version":[{"id":12555,"href":"http:\/\/voicefinder.pl\/en\/wp-json\/wp\/v2\/pages\/12465\/revisions\/12555"}],"wp:attachment":[{"href":"http:\/\/voicefinder.pl\/en\/wp-json\/wp\/v2\/media?parent=12465"}],"curies":[{"name":"wp","href":"https:\/\/api.w.org\/{rel}","templated":true}]}}