{"id":12377,"date":"2020-01-27T11:29:45","date_gmt":"2020-01-27T10:29:45","guid":{"rendered":"http:\/\/voicefinder.pl\/?page_id=12377"},"modified":"2020-01-30T12:20:13","modified_gmt":"2020-01-30T11:20:13","slug":"go-to-brand","status":"publish","type":"page","link":"http:\/\/voicefinder.pl\/en\/go-to-brand\/","title":{"rendered":"Go to brand"},"content":{"rendered":"<div data-elementor-type=\"wp-page\" data-elementor-id=\"12377\" class=\"elementor elementor-12377\" data-elementor-settings=\"[]\">\n\t\t\t\t\t\t<div class=\"elementor-inner\">\n\t\t\t\t\t\t\t<div class=\"elementor-section-wrap\">\n\t\t\t\t\t\t\t<section class=\"elementor-section elementor-top-section elementor-element elementor-element-404e998a elementor-section-boxed elementor-section-height-default elementor-section-height-default\" data-id=\"404e998a\" data-element_type=\"section\">\n\t\t\t\t\t\t<div class=\"elementor-container elementor-column-gap-default\">\n\t\t\t\t\t\t\t<div class=\"elementor-row\">\n\t\t\t\t\t<div class=\"elementor-column elementor-col-100 elementor-top-column elementor-element elementor-element-c5b76db\" data-id=\"c5b76db\" data-element_type=\"column\">\n\t\t\t<div class=\"elementor-column-wrap elementor-element-populated\">\n\t\t\t\t\t\t\t<div class=\"elementor-widget-wrap\">\n\t\t\t\t\t\t<div class=\"elementor-element elementor-element-7d51359 elementor-widget elementor-widget-image\" data-id=\"7d51359\" data-element_type=\"widget\" data-widget_type=\"image.default\">\n\t\t\t\t<div class=\"elementor-widget-container\">\n\t\t\t\t\t<div class=\"elementor-image\">\n\t\t\t\t\t\t\t\t\t\t<img width=\"2560\" height=\"352\" src=\"http:\/\/voicefinder.pl\/wp-content\/uploads\/2020\/01\/FE_POIR_poziom_pl-1_rgb-scaled.jpg\" class=\"attachment-full size-full\" alt=\"\" loading=\"lazy\" srcset=\"http:\/\/voicefinder.pl\/wp-content\/uploads\/2020\/01\/FE_POIR_poziom_pl-1_rgb-scaled.jpg 2560w, http:\/\/voicefinder.pl\/wp-content\/uploads\/2020\/01\/FE_POIR_poziom_pl-1_rgb-300x41.jpg 300w, http:\/\/voicefinder.pl\/wp-content\/uploads\/2020\/01\/FE_POIR_poziom_pl-1_rgb-1024x141.jpg 1024w, http:\/\/voicefinder.pl\/wp-content\/uploads\/2020\/01\/FE_POIR_poziom_pl-1_rgb-768x106.jpg 768w, http:\/\/voicefinder.pl\/wp-content\/uploads\/2020\/01\/FE_POIR_poziom_pl-1_rgb-1536x211.jpg 1536w, http:\/\/voicefinder.pl\/wp-content\/uploads\/2020\/01\/FE_POIR_poziom_pl-1_rgb-2048x282.jpg 2048w\" sizes=\"(max-width: 2560px) 100vw, 2560px\" \/>\t\t\t\t\t\t\t\t\t\t\t<\/div>\n\t\t\t\t<\/div>\n\t\t\t\t<\/div>\n\t\t\t\t<div class=\"elementor-element elementor-element-27d052cf elementor-widget elementor-widget-text-editor\" data-id=\"27d052cf\" data-element_type=\"widget\" data-widget_type=\"text-editor.default\">\n\t\t\t\t<div class=\"elementor-widget-container\">\n\t\t\t\t\t<div class=\"elementor-text-editor elementor-clearfix\"><!-- wp:paragraph -->\n<p><strong>Nazwa beneficjenta:<\/strong> VoiceFinder S.A.<br><strong>Tytu\u0142 projektu: <\/strong>Uczestnictwo sp\u00f3\u0142ki VoiceFinder w zagranicznych wydarzeniach targowych w celu promowania marki produktowej VoiceFinder.<br><strong>Program: <\/strong>PROGRAM OPERACYJNY Inteligentny Rozw\u00f3j o\u015b priorytetowa 3 Wsparcie innowacji w przedsi\u0119biorstwach, dzia\u0142anie 3.3 Wsparcie promocji oraz internacjonalizacji innowacyjnych przedsi\u0119biorstw, poddzia\u0142anie 3.3.3 Wsparcie M\u015aP w promocji marek produktowych \u2013 Go to Brand.<br><strong>Cel projektu: <\/strong>Celem projektu jest wzrost konkurencyjno\u015bci Sp\u00f3\u0142ki VoiceFinder poprzez internacjonalizacj\u0119 jej dzia\u0142alno\u015bci gospodarczej oraz nawi\u0105zanie kontakt\u00f3w biznesowych definiowanych jako sporz\u0105dzone na pi\u015bmie umowy handlowe z kontrahentami z zagranicy.<br><strong>Warto\u015b\u0107 projektu: <\/strong>361 600,00 z\u0142<br><strong>Dofinansowanie UE:<\/strong> 307 360, 00 z\u0142<\/p>\n<!-- \/wp:paragraph --><\/div>\n\t\t\t\t<\/div>\n\t\t\t\t<\/div>\n\t\t\t\t\t\t<\/div>\n\t\t\t\t\t<\/div>\n\t\t<\/div>\n\t\t\t\t\t\t\t\t<\/div>\n\t\t\t\t\t<\/div>\n\t\t<\/section>\n\t\t\t\t\t\t<\/div>\n\t\t\t\t\t\t<\/div>\n\t\t\t\t\t<\/div>","protected":false},"excerpt":{"rendered":"<p>Nazwa beneficjenta: VoiceFinder S.A.Tytu\u0142 projektu: Uczestnictwo sp\u00f3\u0142ki VoiceFinder w zagranicznych&hellip;<\/p>\n<p> <a class=\"more-link\" href=\"http:\/\/voicefinder.pl\/en\/go-to-brand\/\">Read more<\/a><\/p>","protected":false},"author":1,"featured_media":0,"parent":0,"menu_order":0,"comment_status":"closed","ping_status":"closed","template":"","meta":[],"_links":{"self":[{"href":"http:\/\/voicefinder.pl\/en\/wp-json\/wp\/v2\/pages\/12377"}],"collection":[{"href":"http:\/\/voicefinder.pl\/en\/wp-json\/wp\/v2\/pages"}],"about":[{"href":"http:\/\/voicefinder.pl\/en\/wp-json\/wp\/v2\/types\/page"}],"author":[{"embeddable":true,"href":"http:\/\/voicefinder.pl\/en\/wp-json\/wp\/v2\/users\/1"}],"replies":[{"embeddable":true,"href":"http:\/\/voicefinder.pl\/en\/wp-json\/wp\/v2\/comments?post=12377"}],"version-history":[{"count":3,"href":"http:\/\/voicefinder.pl\/en\/wp-json\/wp\/v2\/pages\/12377\/revisions"}],"predecessor-version":[{"id":12430,"href":"http:\/\/voicefinder.pl\/en\/wp-json\/wp\/v2\/pages\/12377\/revisions\/12430"}],"wp:attachment":[{"href":"http:\/\/voicefinder.pl\/en\/wp-json\/wp\/v2\/media?parent=12377"}],"curies":[{"name":"wp","href":"https:\/\/api.w.org\/{rel}","templated":true}]}}