{"id":12086,"date":"2020-01-17T15:51:16","date_gmt":"2020-01-17T14:51:16","guid":{"rendered":"http:\/\/new.voicefinder.pl\/?page_id=12086"},"modified":"2020-01-30T12:32:25","modified_gmt":"2020-01-30T11:32:25","slug":"zamowienia","status":"publish","type":"page","link":"http:\/\/voicefinder.pl\/en\/zamowienia\/","title":{"rendered":""},"content":{"rendered":"<div data-elementor-type=\"wp-page\" data-elementor-id=\"12086\" class=\"elementor elementor-12086\" data-elementor-settings=\"[]\">\n\t\t\t\t\t\t<div class=\"elementor-inner\">\n\t\t\t\t\t\t\t<div class=\"elementor-section-wrap\">\n\t\t\t\t\t\t\t<section class=\"elementor-section elementor-top-section elementor-element elementor-element-21e061fe elementor-section-boxed elementor-section-height-default elementor-section-height-default\" data-id=\"21e061fe\" data-element_type=\"section\">\n\t\t\t\t\t\t<div class=\"elementor-container elementor-column-gap-default\">\n\t\t\t\t\t\t\t<div class=\"elementor-row\">\n\t\t\t\t\t<div class=\"elementor-column elementor-col-100 elementor-top-column elementor-element elementor-element-50d89552\" data-id=\"50d89552\" data-element_type=\"column\">\n\t\t\t<div class=\"elementor-column-wrap elementor-element-populated\">\n\t\t\t\t\t\t\t<div class=\"elementor-widget-wrap\">\n\t\t\t\t\t\t<div class=\"elementor-element elementor-element-285bc59 elementor-widget elementor-widget-heading\" data-id=\"285bc59\" data-element_type=\"widget\" data-widget_type=\"heading.default\">\n\t\t\t\t<div class=\"elementor-widget-container\">\n\t\t\t<h2 class=\"elementor-heading-title elementor-size-default\">Orders<\/h2>\t\t<\/div>\n\t\t\t\t<\/div>\n\t\t\t\t<div class=\"elementor-element elementor-element-11d128d8 elementor-widget elementor-widget-text-editor\" data-id=\"11d128d8\" data-element_type=\"widget\" data-widget_type=\"text-editor.default\">\n\t\t\t\t<div class=\"elementor-widget-container\">\n\t\t\t\t\t<div class=\"elementor-text-editor elementor-clearfix\"><!-- wp:paragraph -->\n<p>\n<table id=\"tablepress-1\" class=\"tablepress tablepress-id-1\">\n<thead>\n<tr class=\"row-1 odd\">\n\t<th class=\"column-1\">Lp.<\/th><th class=\"column-2\">Data publikacji<\/th><th class=\"column-3\">Numer zam\u00f3wienia<\/th><th class=\"column-4\">Przedmiot zam\u00f3wienia <\/th><th class=\"column-5\">Status<\/th>\n<\/tr>\n<\/thead>\n<tbody class=\"row-hover\">\n<tr class=\"row-2 even\">\n\t<td class=\"column-1\">1. <\/td><td class=\"column-2\">31\/03\/2017<\/td><td class=\"column-3\">1\/2017<\/td><td class=\"column-4\"> \u201eUs\u0142uga opracowania strategii wprowadzenia na rynki angloj\u0119zyczne innowacyjnych produkt\u00f3w i us\u0142ug wykorzystuj\u0105cych technologi\u0119 rozpoznawania mowy\u201d realizowany jest w ramach programu: Go_Global.pl \u201eZwi\u0119kszenie skali komercjalizacji na rynkach \u015bwiatowych wynik\u00f3w bada\u0144 naukowych lub prac rozwojowych polskich firm\u201d.<br \/>\n<br \/>\n<a href=\"http:\/\/new.voicefinder.pl\/wp-content\/uploads\/2020\/01\/Zapytanie-1-2017-Go_Global.pdf\">Zapytanie-1-2017-Go_Global<\/a><br \/>\n<a href=\"http:\/\/new.voicefinder.pl\/wp-content\/uploads\/2020\/01\/Zal.1-do-Z.O.-1-2017-Go_Global.doc\">Zal.1-do-Z.O.-1-2017-Go_Global<\/a><br \/>\n<br \/>\nINFORMACJA O WYBORZE NAJKORZYSTNIEJSZEJ OFERTY \u2013 W wyniku przeprowadzonego post\u0119powania do zapytania ofertowego dotycz\u0105cego \u201eUs\u0142uga opracowania strategii wprowadzenia na rynki angloj\u0119zyczne innowacyjnych produkt\u00f3w i us\u0142ug wykorzystuj\u0105cych technologi\u0119 rozpoznawania mowy\u201d dokonano wyboru najkorzystniejszej oferty. Za najkorzystniejsz\u0105 Zamawiaj\u0105cy uzna\u0142 ofert\u0119 z\u0142o\u017con\u0105 przez: T Komp Sp. z o.o. Wybrana oferta spe\u0142nia wszystkie wymagania Zamawiaj\u0105cego oraz uzyska\u0142a maksymaln\u0105 liczb\u0119 punkt\u00f3w -100.<\/td><td class=\"column-5\">zako\u0144czone<\/td>\n<\/tr>\n<tr class=\"row-3 odd\">\n\t<td class=\"column-1\">2. <\/td><td class=\"column-2\">11\/04\/2017<\/td><td class=\"column-3\">2\/2017<\/td><td class=\"column-4\">\u201eModernizacja serwisu internetowego www.voicefinder.pl\u201d realizowany jest w ramach programu: Go_Global.pl \u201eZwi\u0119kszenie skali komercjalizacji na rynkach \u015bwiatowych wynik\u00f3w bada\u0144 naukowych lub prac rozwojowych polskich firm\u201d.<br \/>\n<br \/>\n<a href=\"http:\/\/new.voicefinder.pl\/wp-content\/uploads\/2020\/01\/Zapytanie-ofertowe-2.2017-Go_Global.pdf\">Zapytanie-ofertowe-2.2017-Go_Global<\/a><br \/>\n<a href=\"http:\/\/new.voicefinder.pl\/wp-content\/uploads\/2020\/01\/Zal.1-do-Z.O.-2-2017-Go_Global.doc\">Zal.1-do-Z.O.-2-2017-Go_Global<\/a><br \/>\n<br \/>\nINFORMACJA O WYBORZE NAJKORZYSTNIEJSZEJ OFERTY \u2013 W wyniku przeprowadzonego post\u0119powania do zapytania ofertowego dotycz\u0105cego \u201eModernizacji serwisu internetowego www.voicefinder.pl\u201d dokonano wyboru najkorzystniejszej oferty. Za najkorzystniejsz\u0105 Zamawiaj\u0105cy uzna\u0142 ofert\u0119 z\u0142o\u017con\u0105 przez: Info Tech Polska z siedzib\u0105 w Warszawie. Wybrana oferta spe\u0142nia wszystkie wymagania Zamawiaj\u0105cego oraz uzyska\u0142a maksymaln\u0105 liczb\u0119 punkt\u00f3w -100.<\/td><td class=\"column-5\">zako\u0144czone<\/td>\n<\/tr>\n<tr class=\"row-4 even\">\n\t<td class=\"column-1\">3.<\/td><td class=\"column-2\">19\/04\/2019<\/td><td class=\"column-3\">01\/04\/2019<\/td><td class=\"column-4\">\u201eWykonanie kompleksowej us\u0142ugi marketingowej w celu promocji produkt\u00f3w Voicefinder S.A. na terenie USA\u201d.<br \/>\n<br \/>\n<a href=\"http:\/\/new.voicefinder.pl\/wp-content\/uploads\/2020\/01\/01_zapytanie_ofertowe.docx\">01_zapytanie_ofertowe<\/a><br \/>\n<a href=\"http:\/\/new.voicefinder.pl\/wp-content\/uploads\/2020\/01\/01_opis_przedmiotu_zamowienia.pdf\">01_opis_przedmiotu_zamowienia<\/a><br \/>\n<a href=\"http:\/\/new.voicefinder.pl\/wp-content\/uploads\/2020\/01\/01_oswiadczenie_wykonawcy.docx\">01_oswiadczenie_wykonawcy<\/a><br \/>\n<a href=\"http:\/\/new.voicefinder.pl\/wp-content\/uploads\/2020\/01\/01_protokol_odbioru_uslugi.pdf\">01_protokol_odbioru_uslugi<\/a><br \/>\n<a href=\"http:\/\/new.voicefinder.pl\/wp-content\/uploads\/2020\/01\/01_wzor_umowy.pdf\">01_wzor_umowy<\/a><br \/>\n<a href=\"http:\/\/new.voicefinder.pl\/wp-content\/uploads\/2020\/01\/01_formularz_oferty.docx\">01_formularz_oferty<\/a><br \/>\n<a href=\"http:\/\/new.voicefinder.pl\/wp-content\/uploads\/2020\/01\/Zawiadomienie_o_wyborze_oferty_01_04_2019.pdf\">Zawiadomienie_o_wyborze_oferty_01_04_2019<\/a><\/td><td class=\"column-5\">zako\u0144czone<\/td>\n<\/tr>\n<tr class=\"row-5 odd\">\n\t<td class=\"column-1\">4.<\/td><td class=\"column-2\">19\/04\/2019<\/td><td class=\"column-3\">02\/04\/2019<\/td><td class=\"column-4\">\u201eUs\u0142uga przygotowania i prowadzenia dzia\u0142a\u0144 promocyjnych w celu promowania produkt\u00f3w Voicefinder S.A. na terenie USA\u201d.<br \/>\n<br \/>\n<a href=\"http:\/\/new.voicefinder.pl\/wp-content\/uploads\/2020\/01\/02_zapytanie_ofertowe.pdf\">02_zapytanie_ofertowe<\/a><br \/>\n<a href=\"http:\/\/new.voicefinder.pl\/wp-content\/uploads\/2020\/01\/02_opis_przedmiotu_zamowienia.pdf\">02_opis_przedmiotu_zamowienia<\/a><br \/>\n<a href=\"http:\/\/new.voicefinder.pl\/wp-content\/uploads\/2020\/01\/02_oswiadczenie_wykonawcy.docx\">02_oswiadczenie_wykonawcy<\/a><br \/>\n<a href=\"http:\/\/new.voicefinder.pl\/wp-content\/uploads\/2020\/01\/02_protokol_odbioru_uslugi.pdf\">02_protokol_odbioru_uslugi<\/a><br \/>\n<a href=\"http:\/\/new.voicefinder.pl\/wp-content\/uploads\/2020\/01\/02_wzor_umowy.pdf\">02_wzor_umowy<\/a><br \/>\n<a href=\"http:\/\/new.voicefinder.pl\/wp-content\/uploads\/2020\/01\/02_formularz_oferty.docx\">02_formularz_oferty<\/a><br \/>\n<a href=\"http:\/\/new.voicefinder.pl\/wp-content\/uploads\/2020\/01\/02_regulamin_MPG.pdf\">02_regulamin_MPG<\/a><br \/>\n<a href=\"http:\/\/new.voicefinder.pl\/wp-content\/uploads\/2020\/01\/02_MPG_panel_promocyjny_na_strone.pdf\">02_MPG_panel_promocyjny_na_strone<\/a><\/td><td class=\"column-5\">zako\u0144czone<\/td>\n<\/tr>\n<tr class=\"row-6 even\">\n\t<td class=\"column-1\">5.<\/td><td class=\"column-2\"><\/td><td class=\"column-3\"><\/td><td class=\"column-4\">Us\u0142uga opracowania prototypu systemu gromadzenia danych o cenach poszczeg\u00f3lnych produkt\u00f3w w sieciach FMCG w oparciu o urz\u0105dzenia mobilne.<br \/>\n<br \/>\n<a href=\"http:\/\/new.voicefinder.pl\/wp-content\/uploads\/2020\/01\/ZAPVF.pdf\">ZAPVF<\/a><br \/>\n<a href=\"http:\/\/new.voicefinder.pl\/wp-content\/uploads\/2020\/01\/oferta_edytowalna.docx\">oferta_edytowalna<\/a><br \/>\n<a href=\"http:\/\/new.voicefinder.pl\/wp-content\/uploads\/2020\/01\/Zmiana-terminu-sk\u0142adania-ofert.docx\">Zmiana terminu sk\u0142adania ofert<\/a><br \/>\n<a href=\"http:\/\/new.voicefinder.pl\/wp-content\/uploads\/2020\/01\/Og\u0142oszenie-wyboru-oferty-protok\u00f3\u0142.pdf\">Og\u0142oszenie wyboru oferty &#8211; protok\u00f3\u0142<\/a><\/td><td class=\"column-5\">zako\u0144czone<\/td>\n<\/tr>\n<tr class=\"row-7 odd\">\n\t<td class=\"column-1\">6.<\/td><td class=\"column-2\">22\/01\/20<\/td><td class=\"column-3\">01\/01\/20<\/td><td class=\"column-4\">Na us\u0142ug\u0119 dzier\u017cawy serwera dla potrzeb systemu obiegu bon\u00f3w oraz serwera dla pozosta\u0142ych system\u00f3w (rekrutacji, zarz\u0105dzania\/administrowania) do realizacji projektu \u201eMa\u0142opolskie Bony Rozwojowe plus\u201d<br \/>\n<br \/>\n<a href=\"http:\/\/new.voicefinder.pl\/wp-content\/uploads\/2020\/01\/Za\u0142\u0105cznik-nr-1_Oferta_serwer-wersja-edytowalna.docx\">Za\u0142\u0105cznik nr 1_Oferta_serwer (wersja edytowalna)<\/a><br \/>\n<a href=\"http:\/\/new.voicefinder.pl\/wp-content\/uploads\/2020\/01\/Za\u0142\u0105cznik-nr-1_Oferta_serwer.pdf\">Za\u0142\u0105cznik nr 1_Oferta_serwer<\/a><br \/>\n<a href=\"http:\/\/new.voicefinder.pl\/wp-content\/uploads\/2020\/01\/Za\u0142\u0105cznik-nr-2_O\u015bwiadczenie-o-braku-powi\u0105za\u0144-wersja-edytowalna.docx\">Za\u0142\u0105cznik nr 2_O\u015bwiadczenie o braku powi\u0105za\u0144 (wersja edytowalna)<\/a><br \/>\n<a href=\"http:\/\/new.voicefinder.pl\/wp-content\/uploads\/2020\/01\/Za\u0142\u0105cznik-nr-2_O\u015bwiadczenie-o-braku-powi\u0105za\u0144.pdf\">Za\u0142\u0105cznik nr 2_O\u015bwiadczenie o braku powi\u0105za\u0144<\/a><br \/>\n<a href=\"http:\/\/new.voicefinder.pl\/wp-content\/uploads\/2020\/01\/Zapytanie_serwer.pdf\">Zapytanie_serwer<\/a><br \/>\n<a href=\"http:\/\/new.voicefinder.pl\/wp-content\/uploads\/2020\/01\/Informacja-o-uniewa\u017cnieniu-zapytania.pdf\">Informacja o uniewa\u017cnieniu zapytania<\/a><\/td><td class=\"column-5\">anulowane<\/td>\n<\/tr>\n<tr class=\"row-8 even\">\n\t<td class=\"column-1\">7.<\/td><td class=\"column-2\">02\/01\/2020<\/td><td class=\"column-3\"><\/td><td class=\"column-4\">Poszukiwany Programista ds. systemu informatycznego<br \/>\n<br \/>\n<a href=\"http:\/\/new.voicefinder.pl\/wp-content\/uploads\/2020\/01\/Zapytanie-ofertowe.pdf\">Zapytanie ofertowe<\/a><\/td><td class=\"column-5\">otwarte<\/td>\n<\/tr>\n<\/tbody>\n<\/table>\n<!-- #tablepress-1 from cache --><\/p>\n<!-- \/wp:paragraph --><\/div>\n\t\t\t\t<\/div>\n\t\t\t\t<\/div>\n\t\t\t\t\t\t<\/div>\n\t\t\t\t\t<\/div>\n\t\t<\/div>\n\t\t\t\t\t\t\t\t<\/div>\n\t\t\t\t\t<\/div>\n\t\t<\/section>\n\t\t\t\t\t\t<\/div>\n\t\t\t\t\t\t<\/div>\n\t\t\t\t\t<\/div>","protected":false},"excerpt":{"rendered":"<p>Orders<\/p>","protected":false},"author":1,"featured_media":12219,"parent":0,"menu_order":0,"comment_status":"closed","ping_status":"closed","template":"","meta":[],"_links":{"self":[{"href":"http:\/\/voicefinder.pl\/en\/wp-json\/wp\/v2\/pages\/12086"}],"collection":[{"href":"http:\/\/voicefinder.pl\/en\/wp-json\/wp\/v2\/pages"}],"about":[{"href":"http:\/\/voicefinder.pl\/en\/wp-json\/wp\/v2\/types\/page"}],"author":[{"embeddable":true,"href":"http:\/\/voicefinder.pl\/en\/wp-json\/wp\/v2\/users\/1"}],"replies":[{"embeddable":true,"href":"http:\/\/voicefinder.pl\/en\/wp-json\/wp\/v2\/comments?post=12086"}],"version-history":[{"count":10,"href":"http:\/\/voicefinder.pl\/en\/wp-json\/wp\/v2\/pages\/12086\/revisions"}],"predecessor-version":[{"id":12447,"href":"http:\/\/voicefinder.pl\/en\/wp-json\/wp\/v2\/pages\/12086\/revisions\/12447"}],"wp:featuredmedia":[{"embeddable":true,"href":"http:\/\/voicefinder.pl\/en\/wp-json\/wp\/v2\/media\/12219"}],"wp:attachment":[{"href":"http:\/\/voicefinder.pl\/en\/wp-json\/wp\/v2\/media?parent=12086"}],"curies":[{"name":"wp","href":"https:\/\/api.w.org\/{rel}","templated":true}]}}