{"id":12077,"date":"2020-01-17T15:02:22","date_gmt":"2020-01-17T14:02:22","guid":{"rendered":"http:\/\/new.voicefinder.pl\/?page_id=12077"},"modified":"2020-01-31T13:21:00","modified_gmt":"2020-01-31T12:21:00","slug":"doswiadczenie","status":"publish","type":"page","link":"http:\/\/voicefinder.pl\/en\/doswiadczenie\/","title":{"rendered":""},"content":{"rendered":"<div data-elementor-type=\"wp-page\" data-elementor-id=\"12077\" class=\"elementor elementor-12077\" data-elementor-settings=\"[]\">\n\t\t\t\t\t\t<div class=\"elementor-inner\">\n\t\t\t\t\t\t\t<div class=\"elementor-section-wrap\">\n\t\t\t\t\t\t\t<section class=\"elementor-section elementor-top-section elementor-element elementor-element-1542d2b elementor-section-boxed elementor-section-height-default elementor-section-height-default\" data-id=\"1542d2b\" data-element_type=\"section\">\n\t\t\t\t\t\t<div class=\"elementor-container elementor-column-gap-default\">\n\t\t\t\t\t\t\t<div class=\"elementor-row\">\n\t\t\t\t\t<div class=\"elementor-column elementor-col-33 elementor-top-column elementor-element elementor-element-5bded48\" data-id=\"5bded48\" data-element_type=\"column\">\n\t\t\t<div class=\"elementor-column-wrap elementor-element-populated\">\n\t\t\t\t\t\t\t<div class=\"elementor-widget-wrap\">\n\t\t\t\t\t\t<div class=\"elementor-element elementor-element-11375c0 elementor-widget elementor-widget-heading\" data-id=\"11375c0\" data-element_type=\"widget\" data-widget_type=\"heading.default\">\n\t\t\t\t<div class=\"elementor-widget-container\">\n\t\t\t<h2 class=\"elementor-heading-title elementor-size-default\">Do\u015bwiadczenie<\/h2>\t\t<\/div>\n\t\t\t\t<\/div>\n\t\t\t\t<div class=\"elementor-element elementor-element-1e5ce2a7 elementor-widget elementor-widget-text-editor\" data-id=\"1e5ce2a7\" data-element_type=\"widget\" data-widget_type=\"text-editor.default\">\n\t\t\t\t<div class=\"elementor-widget-container\">\n\t\t\t\t\t<div class=\"elementor-text-editor elementor-clearfix\"><p><!-- wp:paragraph --><\/p>\n<p>VoiceFinder S.A. to rozwijaj\u0105ca si\u0119 firma dzia\u0142aj\u0105ca w bran\u017cy nowoczesnych technologii biometrycznych. Podstawow\u0105 dzia\u0142alno\u015bci\u0105 firmy jest budowa i wdra\u017canie autorskich narz\u0119dzi w zakresie technologii system\u00f3w identyfikacji m\u00f3wcy, rozpoznawania mowy i identyfikacji wzorc\u00f3w i obraz\u00f3w (image, pattern recognition).<\/p>\n<p><!-- \/wp:paragraph --><!-- wp:paragraph --><\/p>\n<p>Sp\u00f3\u0142ka powsta\u0142a jako efekt komercjalizacji biznesplanu autorstwa Jacka Mireckiego, kt\u00f3ry 14 listopada 2011 roku podczas Gali M\u0142odego Biznesu w Krakowie otrzyma\u0142 trzeci\u0105 nagrod\u0119 w konkursie organizowanym przez Wojew\u00f3dztwo Ma\u0142opolskie (nagroda za prac\u0119 \u201eUs\u0142uga automatycznej identyfikacji nagra\u0144 audio \u2013 wykorzystanie algorytm\u00f3w rozpoznawania m\u00f3wcy\u201d). Start-up istnieje od maja 2013 roku, jednym z akcjonariuszy jest Ma\u0142opolska Agencja Rozwoju Regionalnego. Innowacyjne rozwi\u0105zania tworzone s\u0105 przy wsp\u00f3\u0142pracy m.in. z Kancelari\u0105 Senatu RP, Instytutem Pami\u0119ci Narodowej oraz Akademi\u0105 G\u00f3rniczo \u2013 Hutnicz\u0105 w Krakowie.<\/p>\n<p><!-- \/wp:paragraph --><!-- wp:paragraph --><!-- \/wp:paragraph --><!-- wp:paragraph --><\/p>\n<p>Kluczowe produkty to systemy analizy plik\u00f3w audiowizualnych (rozpoznawanie mowy, tre\u015bci utwor\u00f3w muzycznych, rozpoznawanie m\u00f3wc\u00f3w, identyfikacja zawarto\u015bci obraz\u00f3w i film\u00f3w wideo) oraz narz\u0119dzia dla ankieter\u00f3w i os\u00f3b prowadz\u0105cych badania marketingowe (aplikacje mobilne wykorzystuj\u0105ce autorskie mechanizmy STT i innowacyjne interfejsy g\u0142osowe). Oferta kierowana jest przede wszystkim do producent\u00f3w, dystrybutor\u00f3w, agencji bada\u0144 rynku i sieci sprzeda\u017cy. Systemy opracowane przez in\u017cynier\u00f3w Sp\u00f3\u0142ki umo\u017cliwiaj\u0105 redukcj\u0119 koszt\u00f3w opracowania danych marketingowych i raport\u00f3w sprzeda\u017cy.<\/p>\n<p><!-- \/wp:paragraph --><!-- wp:paragraph --><\/p>\n<p>Sp\u00f3\u0142ka posiada w\u0142asne laboratorium ze stanowiskami m.in. do tworzenia oprogramowania przeznaczonego do informatycznego opracowywania zagadnie\u0144 z zakresu fonetyki w tym np. do budowania modeli rozpoznawania mowy. VoiceFinder S.A. posiada w swoich zbiorach bazy nagra\u0144 mowy, opracowania matematyczne do rozpoznawania i opracowywania m\u00f3wcy oraz mowy, a tak\u017ce dysponuje odpowiednim sprz\u0119tem do precyzyjnej analizy i obr\u00f3bki nagra\u0144 d\u017awi\u0119kowych, materia\u0142\u00f3w fotograficznych i wideo.<\/p>\n<p><!-- \/wp:paragraph --><!-- wp:paragraph --><\/p>\n<p>Dane klient\u00f3w przetwarzane s\u0105 z zachowaniem norm ISO 9001:2009 (prowadzenie nadzoru nad dokumentacj\u0105 i zapisami) oraz ISO 27001:2007 (organizacja bezpiecze\u0144stwa informacji, zarz\u0105dzanie aktywami, bezpiecze\u0144stwo zasob\u00f3w ludzkich, zarz\u0105dzanie systemami i sieciami, kontrola dost\u0119pu, pozyskiwanie, rozw\u00f3j i utrzymanie system\u00f3w informatycznych, zarz\u0105dzanie incydentami zwi\u0105zanymi z bezpiecze\u0144stwem informacji).<\/p>\n<p><!-- \/wp:paragraph --><!-- wp:paragraph --><\/p>\n<p>3 lipca 2014 roku wsp\u00f3lnicy VoiceFinder sp. z o.o. zdecydowali o podj\u0119ciu dzia\u0142a\u0144 celem przekszta\u0142cenia jej w sp\u00f3\u0142k\u0119 akcyjn\u0105 oraz wprowadzeniu na rynek regulowany New Connect. Kapita\u0142 pozyskany w wyniku emisji umo\u017cliwi szybszy rozw\u00f3j i konkurowanie na rynku mi\u0119dzynarodowym.<\/p>\n<p><!-- \/wp:paragraph --><!-- wp:paragraph --><\/p>\n<p>W lutym 2016 roku przy udziale pracownik\u00f3w Akademii G\u00f3rniczo-Hutniczej w Krakowie zako\u0144czona zosta\u0142a budowa centralnej platformy przetwarzania danych. Platforma umo\u017cliwia nieliniow\u0105 analiz\u0119 du\u017cych ilo\u015bci plik\u00f3w (analiza zawarto\u015bci zdj\u0119\u0107 i identyfikacja materia\u0142\u00f3w \u017ar\u00f3d\u0142owych). Efektem uruchomienia Systemu s\u0105 pierwsze komercyjne umowy (agencje bada\u0144 rynku), wsp\u00f3\u0142praca z sieciami sprzeda\u017cy oraz oferta skierowana do klient\u00f3w korporacyjnych (globalne koncerny zaopatruj\u0105ce sieci sprzeda\u017cy).<\/p>\n<p>Zainteresowanie partner\u00f3w i kooperant\u00f3w oraz wysoka skuteczno\u015b\u0107<br>oferowanych rozwi\u0105za\u0144 (algorytmy szyfrowania danych, identyfikacja<br>kszta\u0142t\u00f3w i gabaryt\u00f3w przedmiot\u00f3w rejestrowanych przez kamery, autorskie<br>aplikacje dedykowane dla komputer\u00f3w przemys\u0142owych) wp\u0142yn\u0119\u0142y na decyzj\u0119<br>zarz\u0105du i akcjonariuszy o opracowaniu i wdro\u017ceniu niezale\u017cnej sieci<br>urz\u0105dze\u0144 dedykowanych dla bran\u017cy automatyki konsumenckiej. Pionierskie<br>rozwi\u0105zania prezentowane by\u0142y m.in. na Web Summit 2019 w Lizbonie, gdzie<br>spotka\u0142y si\u0119 z du\u017cym zainteresowaniem inwestor\u00f3w i potencjalnych<br>kontrahent\u00f3w.<\/p>\n<p><!-- \/wp:paragraph --><\/p><\/div>\n\t\t\t\t<\/div>\n\t\t\t\t<\/div>\n\t\t\t\t<div class=\"elementor-element elementor-element-4ca2747 elementor-aspect-ratio-169 elementor-widget elementor-widget-video\" data-id=\"4ca2747\" data-element_type=\"widget\" data-settings=\"{&quot;aspect_ratio&quot;:&quot;169&quot;}\" data-widget_type=\"video.default\">\n\t\t\t\t<div class=\"elementor-widget-container\">\n\t\t\t\t\t<div class=\"elementor-wrapper elementor-fit-aspect-ratio elementor-open-inline\">\n\t\t\t\t\t<video class=\"elementor-video\" src=\"http:\/\/voicefinder.pl\/wp-content\/uploads\/2020\/01\/VOICE-FINDER-PL.mp4\" autoplay=\"\" loop=\"\" controls=\"\" muted=\"muted\" controlslist=\"nodownload\"><\/video>\n\t\t\t\t<\/div>\n\t\t\t\t<\/div>\n\t\t\t\t<\/div>\n\t\t\t\t\t\t<\/div>\n\t\t\t\t\t<\/div>\n\t\t<\/div>\n\t\t\t\t<div class=\"elementor-column elementor-col-66 elementor-top-column elementor-element elementor-element-44c6838\" data-id=\"44c6838\" data-element_type=\"column\">\n\t\t\t<div class=\"elementor-column-wrap elementor-element-populated\">\n\t\t\t\t\t\t\t<div class=\"elementor-widget-wrap\">\n\t\t\t\t\t\t<div class=\"elementor-element elementor-element-299976d elementor-widget elementor-widget-a13fe-gallery\" data-id=\"299976d\" data-element_type=\"widget\" data-widget_type=\"a13fe-gallery.default\">\n\t\t\t\t<div class=\"elementor-widget-container\">\n\t\t\t\n\t\t\t    <div class=\"bricks-frame gallery-frame bricks-gallery-12402 variant-overlay bricks-columns-1 album-content-off title-bottom title-center hover-effect-drop\">\n\t\t\t\t    <ul class=\"gallery-media-collection screen-reader-text\">\n\t\t\t\t<li class=\"gallery-item type-image subtype-jpeg\" data-id=\"12403\" data-ratio_x=\"1\" data-bg_color=\"\" data-alt_attr=\"\" data-main-image=\"http:\/\/voicefinder.pl\/wp-content\/uploads\/2020\/01\/140108dsc_5800-scaled.jpg\" data-brick_image=\"http:\/\/voicefinder.pl\/wp-content\/uploads\/apollo13_images\/140108dsc_5800-scaled-6xgu58bzh5fwah1st8tqagcrr81vo3zgya.jpg\" data-thumb=\"http:\/\/voicefinder.pl\/wp-content\/uploads\/2020\/01\/140108dsc_5800-150x150.jpg\" data-link_target=\"0\">\n\t\t<a class=\"item__link\" href=\"http:\/\/voicefinder.pl\/wp-content\/uploads\/2020\/01\/140108dsc_5800-scaled.jpg\">140108dsc_5800<\/a>\n\t\t\t\t\t<div id=\"item-desc-1\" class=\"item-desc\"><\/div>\n\t\t\t<\/li>\n\t<li class=\"gallery-item type-image subtype-jpeg\" data-id=\"12404\" data-ratio_x=\"1\" data-bg_color=\"\" data-alt_attr=\"\" data-main-image=\"http:\/\/voicefinder.pl\/wp-content\/uploads\/2020\/01\/IMG_3802-scaled.jpg\" data-brick_image=\"http:\/\/voicefinder.pl\/wp-content\/uploads\/apollo13_images\/IMG_3802-scaled-6xgu5a6t4nzraxw71an9nb0gknwb11oyoq.jpg\" data-thumb=\"http:\/\/voicefinder.pl\/wp-content\/uploads\/2020\/01\/IMG_3802-150x150.jpg\" data-link_target=\"0\">\n\t\t<a class=\"item__link\" href=\"http:\/\/voicefinder.pl\/wp-content\/uploads\/2020\/01\/IMG_3802-scaled.jpg\">IMG_3802<\/a>\n\t\t\t\t\t<div id=\"item-desc-2\" class=\"item-desc\"><\/div>\n\t\t\t<\/li>\n\t<li class=\"gallery-item type-image subtype-jpeg\" data-id=\"12405\" data-ratio_x=\"1\" data-bg_color=\"\" data-alt_attr=\"\" data-main-image=\"http:\/\/voicefinder.pl\/wp-content\/uploads\/2020\/01\/IMG_6749-scaled.jpg\" data-brick_image=\"http:\/\/voicefinder.pl\/wp-content\/uploads\/apollo13_images\/IMG_6749-scaled-6xgu5ckq41k5goozlxk3oefhmijzx3vxwa.jpg\" data-thumb=\"http:\/\/voicefinder.pl\/wp-content\/uploads\/2020\/01\/IMG_6749-150x150.jpg\" data-link_target=\"0\">\n\t\t<a class=\"item__link\" href=\"http:\/\/voicefinder.pl\/wp-content\/uploads\/2020\/01\/IMG_6749-scaled.jpg\">IMG_6749<\/a>\n\t\t\t\t\t<div id=\"item-desc-3\" class=\"item-desc\"><\/div>\n\t\t\t<\/li>\n\t<li class=\"gallery-item type-image subtype-jpeg\" data-id=\"12406\" data-ratio_x=\"1\" data-bg_color=\"\" data-alt_attr=\"\" data-main-image=\"http:\/\/voicefinder.pl\/wp-content\/uploads\/2020\/01\/IMG_6794.jpg\" data-brick_image=\"http:\/\/voicefinder.pl\/wp-content\/uploads\/apollo13_images\/IMG_6794-6xgu5dmwrrl7r8lsb3qp0vy63c6ie6ru1e.jpg\" data-thumb=\"http:\/\/voicefinder.pl\/wp-content\/uploads\/2020\/01\/IMG_6794-150x150.jpg\" data-link_target=\"0\">\n\t\t<a class=\"item__link\" href=\"http:\/\/voicefinder.pl\/wp-content\/uploads\/2020\/01\/IMG_6794.jpg\">IMG_6794<\/a>\n\t\t\t\t\t<div id=\"item-desc-4\" class=\"item-desc\"><\/div>\n\t\t\t<\/li>\n\t<li class=\"gallery-item type-image subtype-jpeg\" data-id=\"12407\" data-ratio_x=\"1\" data-bg_color=\"\" data-alt_attr=\"\" data-main-image=\"http:\/\/voicefinder.pl\/wp-content\/uploads\/2020\/01\/IMG_7961.jpg\" data-brick_image=\"http:\/\/voicefinder.pl\/wp-content\/uploads\/apollo13_images\/IMG_7961-6xgu5g0tr55lwzekvqnj1zd756u7vf22gm.jpg\" data-thumb=\"http:\/\/voicefinder.pl\/wp-content\/uploads\/2020\/01\/IMG_7961-150x150.jpg\" data-link_target=\"0\">\n\t\t<a class=\"item__link\" href=\"http:\/\/voicefinder.pl\/wp-content\/uploads\/2020\/01\/IMG_7961.jpg\">IMG_7961<\/a>\n\t\t\t\t\t<div id=\"item-desc-5\" class=\"item-desc\"><\/div>\n\t\t\t<\/li>\n\t<li class=\"gallery-item type-image subtype-jpeg\" data-id=\"12408\" data-ratio_x=\"1\" data-bg_color=\"\" data-alt_attr=\"\" data-main-image=\"http:\/\/voicefinder.pl\/wp-content\/uploads\/2020\/01\/IMG_8079-scaled.jpg\" data-brick_image=\"http:\/\/voicefinder.pl\/wp-content\/uploads\/apollo13_images\/IMG_8079-scaled-6xgu5hm3qq77ct9rxhxf2pn7ufa0gsiqu2.jpg\" data-thumb=\"http:\/\/voicefinder.pl\/wp-content\/uploads\/2020\/01\/IMG_8079-150x150.jpg\" data-link_target=\"0\">\n\t\t<a class=\"item__link\" href=\"http:\/\/voicefinder.pl\/wp-content\/uploads\/2020\/01\/IMG_8079-scaled.jpg\">IMG_8079<\/a>\n\t\t\t\t\t<div id=\"item-desc-6\" class=\"item-desc\"><\/div>\n\t\t\t<\/li>\n\t<li class=\"gallery-item type-image subtype-jpeg\" data-id=\"12415\" data-ratio_x=\"1\" data-bg_color=\"\" data-alt_attr=\"\" data-main-image=\"http:\/\/voicefinder.pl\/wp-content\/uploads\/2020\/01\/Cloud-Expo-scaled.jpg\" data-brick_image=\"http:\/\/voicefinder.pl\/wp-content\/uploads\/apollo13_images\/Cloud-Expo-scaled-6xhtxee14g9bkldsuwplaeiaijpgvfm9tm.jpg\" data-thumb=\"http:\/\/voicefinder.pl\/wp-content\/uploads\/2020\/01\/Cloud-Expo-150x150.jpg\" data-link_target=\"0\">\n\t\t<a class=\"item__link\" href=\"http:\/\/voicefinder.pl\/wp-content\/uploads\/2020\/01\/Cloud-Expo-scaled.jpg\">Cloud Expo<\/a>\n\t\t\t\t\t<div id=\"item-desc-7\" class=\"item-desc\"><\/div>\n\t\t\t<\/li>\n\t\t<\/ul>\n\t                <div class=\"a13-bricks-items\" data-margin=\"5\" data-desc=\"1\" data-proofing=\"0\" data-socials=\"0\" data-lightbox_off=\"0\" data-lightbox_off_mobile=\"0\" data-cover-color=\"rgba(0,0,0,0.7)\">\n                <div class=\"grid-master\"><\/div>\n            <\/div>\n        <\/div>\n\t    \t\t<\/div>\n\t\t\t\t<\/div>\n\t\t\t\t\t\t<\/div>\n\t\t\t\t\t<\/div>\n\t\t<\/div>\n\t\t\t\t\t\t\t\t<\/div>\n\t\t\t\t\t<\/div>\n\t\t<\/section>\n\t\t\t\t\t\t<\/div>\n\t\t\t\t\t\t<\/div>\n\t\t\t\t\t<\/div>","protected":false},"excerpt":{"rendered":"<p>Do\u015bwiadczenie VoiceFinder S.A. to rozwijaj\u0105ca si\u0119 firma dzia\u0142aj\u0105ca w bran\u017cy&hellip;<\/p>\n<p> <a class=\"more-link\" href=\"http:\/\/voicefinder.pl\/en\/work\/leather-drawstring-pouch\/\">Read more<\/a><\/p>","protected":false},"author":1,"featured_media":12090,"parent":0,"menu_order":0,"comment_status":"closed","ping_status":"closed","template":"","meta":[],"_links":{"self":[{"href":"http:\/\/voicefinder.pl\/en\/wp-json\/wp\/v2\/pages\/12077"}],"collection":[{"href":"http:\/\/voicefinder.pl\/en\/wp-json\/wp\/v2\/pages"}],"about":[{"href":"http:\/\/voicefinder.pl\/en\/wp-json\/wp\/v2\/types\/page"}],"author":[{"embeddable":true,"href":"http:\/\/voicefinder.pl\/en\/wp-json\/wp\/v2\/users\/1"}],"replies":[{"embeddable":true,"href":"http:\/\/voicefinder.pl\/en\/wp-json\/wp\/v2\/comments?post=12077"}],"version-history":[{"count":17,"href":"http:\/\/voicefinder.pl\/en\/wp-json\/wp\/v2\/pages\/12077\/revisions"}],"predecessor-version":[{"id":12454,"href":"http:\/\/voicefinder.pl\/en\/wp-json\/wp\/v2\/pages\/12077\/revisions\/12454"}],"wp:featuredmedia":[{"embeddable":true,"href":"http:\/\/voicefinder.pl\/en\/wp-json\/wp\/v2\/media\/12090"}],"wp:attachment":[{"href":"http:\/\/voicefinder.pl\/en\/wp-json\/wp\/v2\/media?parent=12077"}],"curies":[{"name":"wp","href":"https:\/\/api.w.org\/{rel}","templated":true}]}}