{"id":12061,"date":"2020-01-17T14:36:20","date_gmt":"2020-01-17T13:36:20","guid":{"rendered":"http:\/\/new.voicefinder.pl\/?page_id=12061"},"modified":"2020-01-31T13:22:49","modified_gmt":"2020-01-31T12:22:49","slug":"voice-finder","status":"publish","type":"page","link":"http:\/\/voicefinder.pl\/en\/voice-finder\/","title":{"rendered":""},"content":{"rendered":"<div data-elementor-type=\"wp-page\" data-elementor-id=\"12061\" class=\"elementor elementor-12061\" data-elementor-settings=\"[]\">\n\t\t\t\t\t\t<div class=\"elementor-inner\">\n\t\t\t\t\t\t\t<div class=\"elementor-section-wrap\">\n\t\t\t\t\t\t\t<section class=\"elementor-section elementor-top-section elementor-element elementor-element-38aaa406 elementor-section-boxed elementor-section-height-default elementor-section-height-default\" data-id=\"38aaa406\" data-element_type=\"section\">\n\t\t\t\t\t\t<div class=\"elementor-container elementor-column-gap-default\">\n\t\t\t\t\t\t\t<div class=\"elementor-row\">\n\t\t\t\t\t<div class=\"elementor-column elementor-col-100 elementor-top-column elementor-element elementor-element-1fa6f433\" data-id=\"1fa6f433\" data-element_type=\"column\">\n\t\t\t<div class=\"elementor-column-wrap elementor-element-populated\">\n\t\t\t\t\t\t\t<div class=\"elementor-widget-wrap\">\n\t\t\t\t\t\t<div class=\"elementor-element elementor-element-974f27f elementor-widget elementor-widget-heading\" data-id=\"974f27f\" data-element_type=\"widget\" data-widget_type=\"heading.default\">\n\t\t\t\t<div class=\"elementor-widget-container\">\n\t\t\t<h2 class=\"elementor-heading-title elementor-size-default\">Voice Finder<\/h2>\t\t<\/div>\n\t\t\t\t<\/div>\n\t\t\t\t<div class=\"elementor-element elementor-element-acf9416 elementor-widget elementor-widget-text-editor\" data-id=\"acf9416\" data-element_type=\"widget\" data-widget_type=\"text-editor.default\">\n\t\t\t\t<div class=\"elementor-widget-container\">\n\t\t\t\t\t<div class=\"elementor-text-editor elementor-clearfix\"><p><!-- wp:paragraph --><\/p>\n<p>Indeksowanie plik\u00f3w audio, identyfikacja m\u00f3wcy, rozpoznawanie mowy.<\/p>\n<p><!-- \/wp:paragraph --><\/p>\n<p><!-- wp:paragraph --><\/p>\n<p>Badania nad rozpoznawaniem mowy, identyfikacj\u0105 d\u017awi\u0119k\u00f3w i weryfikacj\u0105 to\u017csamo\u015bci rozm\u00f3wc\u00f3w prowadzimy od pocz\u0105tku istnienia Sp\u00f3\u0142ki. Naszymi partnerami a jednocze\u015bnie klientami s\u0105 Archiwum Senatu RP oraz Instytut Pami\u0119ci Narodowej. Posiadamy szereg autorskich rozwi\u0105za\u0144 (filtry szum\u00f3w, algorytmy normalizacji i kompresji przesy\u0142anych danych, podzia\u0142 utwor\u00f3w na bloki).<\/p>\n<p><!-- \/wp:paragraph --><\/p>\n<p><!-- wp:paragraph --><\/p>\n<p>Do\u015bwiadczenie zdobyte przy digitalizacji zasob\u00f3w audiowizualnych dla potrzeb projektu www.archiwaprzelomu.pl pozwala nam budowa\u0107 aplikacje wspieraj\u0105ce m.in. audyt punkt\u00f3w sprzeda\u017cy (inteligentne dyktafony, nowoczesne interfejsy mobilne), systemy logowania oparte o identyfikacj\u0119 biometryczn\u0105 (analiza g\u0142osu u\u017cytkownika) czy te\u017c platformy monitoruj\u0105ce media (reklamy rozg\u0142o\u015bni radiowych, cz\u0119stotliwo\u015b\u0107 odtwarzania utwor\u00f3w muzycznych).<\/p>\n<p><!-- \/wp:paragraph --><\/p>\n<p><!-- wp:paragraph --><\/p>\n<p>Oferowane rozwi\u0105zania prezentowane by\u0142y na licznych targach i imprezach bran\u017cowych:<\/p>\n<p><!-- \/wp:paragraph --><\/p>\n<p><!-- wp:core-embed\/youtube {\"url\":\"https:\/\/www.youtube.com\/watch?v=vu2TLw4rXiA\\u0026feature=youtu.be\",\"type\":\"video\",\"providerNameSlug\":\"youtube\",\"className\":\"wp-embed-aspect-16-9 wp-has-aspect-ratio\"} --><\/p>\n<figure class=\"wp-block-embed-youtube wp-block-embed is-type-video is-provider-youtube wp-embed-aspect-16-9 wp-has-aspect-ratio\">\n<div class=\"wp-block-embed__wrapper\">\n<iframe title=\"Autorskie podej\u015bcie do wyszukiwania g\u0142osowego - rozmowa z Jackiem Mireckim z Voice Finder\" width=\"800\" height=\"450\" src=\"https:\/\/www.youtube.com\/embed\/vu2TLw4rXiA?feature=oembed\" frameborder=\"0\" allow=\"accelerometer; autoplay; encrypted-media; gyroscope; picture-in-picture\" allowfullscreen><\/iframe>\n<\/div>\n<\/figure>\n<p><!-- \/wp:core-embed\/youtube --><\/p>\n<p><!-- wp:core-embed\/youtube {\"url\":\"https:\/\/www.youtube.com\/watch?v=qJJFl8bhE7U\\u0026feature=youtu.be\",\"type\":\"video\",\"providerNameSlug\":\"youtube\",\"className\":\"wp-embed-aspect-16-9 wp-has-aspect-ratio\"} --><\/p>\n<figure class=\"wp-block-embed-youtube wp-block-embed is-type-video is-provider-youtube wp-embed-aspect-16-9 wp-has-aspect-ratio\">\n<div class=\"wp-block-embed__wrapper\">\n<iframe title=\"Ma\u0142opolskie Targi Innowacji 2014\" width=\"800\" height=\"450\" src=\"https:\/\/www.youtube.com\/embed\/qJJFl8bhE7U?feature=oembed\" frameborder=\"0\" allow=\"accelerometer; autoplay; encrypted-media; gyroscope; picture-in-picture\" allowfullscreen><\/iframe>\n<\/div>\n<\/figure>\n<p><!-- \/wp:core-embed\/youtube --><\/p>\n<p><!-- wp:image {\"id\":12064,\"sizeSlug\":\"large\"} --><\/p>\n<figure class=\"wp-block-image size-large\"><img loading=\"lazy\" width=\"800\" height=\"2092\" src=\"http:\/\/new.voicefinder.pl\/wp-content\/uploads\/2020\/01\/schemat2_szukanie_audio_new-800x2092.jpg\" alt=\"\" class=\"wp-image-12064\" srcset=\"http:\/\/voicefinder.pl\/wp-content\/uploads\/2020\/01\/schemat2_szukanie_audio_new.jpg 800w, http:\/\/voicefinder.pl\/wp-content\/uploads\/2020\/01\/schemat2_szukanie_audio_new-768x2008.jpg 768w\" sizes=\"(max-width: 800px) 100vw, 800px\" \/><\/figure>\n<p><!-- \/wp:image --><\/p>\n<p><!-- wp:paragraph --><\/p>\n<p> Obecnie pracujemy nad migracj\u0105 technologii tak aby nasze narz\u0119dzia przy  zachowaniu wysokiej skuteczno\u015bci dzia\u0142a\u0142y dla j\u0119zyka angielskiego. W  ramach programu GO GLOBAL \u2013 Zwi\u0119kszenie skali komercjalizacji na rynkach  \u015bwiatowych wynik\u00f3w bada\u0144 naukowych lub prac rozwojowych polskich firm  zlecamy szereg prac zwi\u0105zanych z opracowaniem strategii eksportu i  rozwoju VoiceFinder S.A. na rynku USA. <a href=\"https:\/\/www.ncbr.gov.pl\/fileadmin\/gfx\/ncbir\/userfiles\/_public\/programy_krajowe\/go_global_2015\/lista_rankingowa_pozytywnie_zaopiniowanych_wnioskow_01_03_16.pdf\">(Wyniki Konkursu GO GLOBAL)<\/a> <\/p>\n<p><!-- \/wp:paragraph --><\/p><\/div>\n\t\t\t\t<\/div>\n\t\t\t\t<\/div>\n\t\t\t\t<div class=\"elementor-element elementor-element-6cbd7b7 elementor-widget-divider--view-line elementor-widget elementor-widget-divider\" data-id=\"6cbd7b7\" data-element_type=\"widget\" data-widget_type=\"divider.default\">\n\t\t\t\t<div class=\"elementor-widget-container\">\n\t\t\t\t\t<div class=\"elementor-divider\">\n\t\t\t<span class=\"elementor-divider-separator\">\n\t\t\t\t\t\t<\/span>\n\t\t<\/div>\n\t\t\t\t<\/div>\n\t\t\t\t<\/div>\n\t\t\t\t\t\t<\/div>\n\t\t\t\t\t<\/div>\n\t\t<\/div>\n\t\t\t\t\t\t\t\t<\/div>\n\t\t\t\t\t<\/div>\n\t\t<\/section>\n\t\t\t\t<section class=\"elementor-section elementor-top-section elementor-element elementor-element-62f1f38 elementor-section-boxed elementor-section-height-default elementor-section-height-default\" data-id=\"62f1f38\" data-element_type=\"section\">\n\t\t\t\t\t\t<div class=\"elementor-container elementor-column-gap-default\">\n\t\t\t\t\t\t\t<div class=\"elementor-row\">\n\t\t\t\t\t<div class=\"elementor-column elementor-col-33 elementor-top-column elementor-element elementor-element-4189ed2\" data-id=\"4189ed2\" data-element_type=\"column\">\n\t\t\t<div class=\"elementor-column-wrap elementor-element-populated\">\n\t\t\t\t\t\t\t<div class=\"elementor-widget-wrap\">\n\t\t\t\t\t\t<div class=\"elementor-element elementor-element-2781fd5 elementor-widget elementor-widget-image\" data-id=\"2781fd5\" data-element_type=\"widget\" data-widget_type=\"image.default\">\n\t\t\t\t<div class=\"elementor-widget-container\">\n\t\t\t\t\t<div class=\"elementor-image\">\n\t\t\t\t\t\t\t<figure class=\"wp-caption\">\n\t\t\t\t\t\t\t\t\t\t\t<a href=\"http:\/\/new.voicefinder.pl\/image-finder\/\">\n\t\t\t\t\t\t\t<img src=\"http:\/\/voicefinder.pl\/wp-content\/uploads\/elementor\/thumbs\/Image_FINDER-ojzwu81qnhjxt3egqvssqpkbp9wz5flfhpfp7bmvi8.png\" title=\"Image_FINDER\" alt=\"Image_FINDER\" class=\"elementor-animation-shrink\" \/>\t\t\t\t\t\t\t\t<\/a>\n\t\t\t\t\t\t\t\t\t\t\t<figcaption class=\"widget-image-caption wp-caption-text\">Image Finder<\/figcaption>\n\t\t\t\t\t\t\t\t\t\t<\/figure>\n\t\t\t\t\t<\/div>\n\t\t\t\t<\/div>\n\t\t\t\t<\/div>\n\t\t\t\t\t\t<\/div>\n\t\t\t\t\t<\/div>\n\t\t<\/div>\n\t\t\t\t<div class=\"elementor-column elementor-col-33 elementor-top-column elementor-element elementor-element-953519e\" data-id=\"953519e\" data-element_type=\"column\">\n\t\t\t<div class=\"elementor-column-wrap elementor-element-populated\">\n\t\t\t\t\t\t\t<div class=\"elementor-widget-wrap\">\n\t\t\t\t\t\t<div class=\"elementor-element elementor-element-89909b2 elementor-widget elementor-widget-image\" data-id=\"89909b2\" data-element_type=\"widget\" data-widget_type=\"image.default\">\n\t\t\t\t<div class=\"elementor-widget-container\">\n\t\t\t\t\t<div class=\"elementor-image\">\n\t\t\t\t\t\t\t<figure class=\"wp-caption\">\n\t\t\t\t\t\t\t\t\t\t\t<a href=\"http:\/\/new.voicefinder.pl\/item-finder\/\">\n\t\t\t\t\t\t\t<img src=\"http:\/\/voicefinder.pl\/wp-content\/uploads\/elementor\/thumbs\/Item_FINDER-ojzwu81qnhjxt3egqvssqpkbp9wz5flfhpfp7bmvi8.png\" title=\"Item_FINDER\" alt=\"Item_FINDER\" class=\"elementor-animation-shrink\" \/>\t\t\t\t\t\t\t\t<\/a>\n\t\t\t\t\t\t\t\t\t\t\t<figcaption class=\"widget-image-caption wp-caption-text\">Item Finder<\/figcaption>\n\t\t\t\t\t\t\t\t\t\t<\/figure>\n\t\t\t\t\t<\/div>\n\t\t\t\t<\/div>\n\t\t\t\t<\/div>\n\t\t\t\t\t\t<\/div>\n\t\t\t\t\t<\/div>\n\t\t<\/div>\n\t\t\t\t<div class=\"elementor-column elementor-col-33 elementor-top-column elementor-element elementor-element-c9ed000\" data-id=\"c9ed000\" data-element_type=\"column\">\n\t\t\t<div class=\"elementor-column-wrap elementor-element-populated\">\n\t\t\t\t\t\t\t<div class=\"elementor-widget-wrap\">\n\t\t\t\t\t\t<div class=\"elementor-element elementor-element-f5c92c7 elementor-widget elementor-widget-image\" data-id=\"f5c92c7\" data-element_type=\"widget\" data-widget_type=\"image.default\">\n\t\t\t\t<div class=\"elementor-widget-container\">\n\t\t\t\t\t<div class=\"elementor-image\">\n\t\t\t\t\t\t\t<figure class=\"wp-caption\">\n\t\t\t\t\t\t\t\t\t\t\t<a href=\"http:\/\/new.voicefinder.pl\/copy-finder\/\">\n\t\t\t\t\t\t\t<img src=\"http:\/\/voicefinder.pl\/wp-content\/uploads\/elementor\/thumbs\/Copy_FINDER-ojzwu73wgninhhftwde667sv3w1lxqhp5ks7q1o9og.png\" title=\"Copy_FINDER\" alt=\"Copy_FINDER\" class=\"elementor-animation-shrink\" \/>\t\t\t\t\t\t\t\t<\/a>\n\t\t\t\t\t\t\t\t\t\t\t<figcaption class=\"widget-image-caption wp-caption-text\">Copy Finder<\/figcaption>\n\t\t\t\t\t\t\t\t\t\t<\/figure>\n\t\t\t\t\t<\/div>\n\t\t\t\t<\/div>\n\t\t\t\t<\/div>\n\t\t\t\t\t\t<\/div>\n\t\t\t\t\t<\/div>\n\t\t<\/div>\n\t\t\t\t\t\t\t\t<\/div>\n\t\t\t\t\t<\/div>\n\t\t<\/section>\n\t\t\t\t\t\t<\/div>\n\t\t\t\t\t\t<\/div>\n\t\t\t\t\t<\/div>","protected":false},"excerpt":{"rendered":"<p>Voice Finder Indeksowanie plik\u00f3w audio, identyfikacja m\u00f3wcy, rozpoznawanie mowy. Badania&hellip;<\/p>\n<p> <a class=\"more-link\" href=\"http:\/\/voicefinder.pl\/en\/voice-finder\/\">Read more<\/a><\/p>","protected":false},"author":1,"featured_media":12111,"parent":0,"menu_order":0,"comment_status":"closed","ping_status":"closed","template":"","meta":[],"_links":{"self":[{"href":"http:\/\/voicefinder.pl\/en\/wp-json\/wp\/v2\/pages\/12061"}],"collection":[{"href":"http:\/\/voicefinder.pl\/en\/wp-json\/wp\/v2\/pages"}],"about":[{"href":"http:\/\/voicefinder.pl\/en\/wp-json\/wp\/v2\/types\/page"}],"author":[{"embeddable":true,"href":"http:\/\/voicefinder.pl\/en\/wp-json\/wp\/v2\/users\/1"}],"replies":[{"embeddable":true,"href":"http:\/\/voicefinder.pl\/en\/wp-json\/wp\/v2\/comments?post=12061"}],"version-history":[{"count":17,"href":"http:\/\/voicefinder.pl\/en\/wp-json\/wp\/v2\/pages\/12061\/revisions"}],"predecessor-version":[{"id":12456,"href":"http:\/\/voicefinder.pl\/en\/wp-json\/wp\/v2\/pages\/12061\/revisions\/12456"}],"wp:featuredmedia":[{"embeddable":true,"href":"http:\/\/voicefinder.pl\/en\/wp-json\/wp\/v2\/media\/12111"}],"wp:attachment":[{"href":"http:\/\/voicefinder.pl\/en\/wp-json\/wp\/v2\/media?parent=12061"}],"curies":[{"name":"wp","href":"https:\/\/api.w.org\/{rel}","templated":true}]}}