{"id":12056,"date":"2020-01-17T13:50:37","date_gmt":"2020-01-17T12:50:37","guid":{"rendered":"http:\/\/new.voicefinder.pl\/?page_id=12056"},"modified":"2020-01-30T12:25:44","modified_gmt":"2020-01-30T11:25:44","slug":"item-finder","status":"publish","type":"page","link":"http:\/\/voicefinder.pl\/en\/item-finder\/","title":{"rendered":""},"content":{"rendered":"<div data-elementor-type=\"wp-page\" data-elementor-id=\"12056\" class=\"elementor elementor-12056\" data-elementor-settings=\"[]\">\n\t\t\t\t\t\t<div class=\"elementor-inner\">\n\t\t\t\t\t\t\t<div class=\"elementor-section-wrap\">\n\t\t\t\t\t\t\t<section class=\"elementor-section elementor-top-section elementor-element elementor-element-14da7cd8 elementor-section-boxed elementor-section-height-default elementor-section-height-default\" data-id=\"14da7cd8\" data-element_type=\"section\">\n\t\t\t\t\t\t<div class=\"elementor-container elementor-column-gap-default\">\n\t\t\t\t\t\t\t<div class=\"elementor-row\">\n\t\t\t\t\t<div class=\"elementor-column elementor-col-100 elementor-top-column elementor-element elementor-element-19ffb905\" data-id=\"19ffb905\" data-element_type=\"column\">\n\t\t\t<div class=\"elementor-column-wrap elementor-element-populated\">\n\t\t\t\t\t\t\t<div class=\"elementor-widget-wrap\">\n\t\t\t\t\t\t<div class=\"elementor-element elementor-element-ac2f5b1 elementor-widget elementor-widget-heading\" data-id=\"ac2f5b1\" data-element_type=\"widget\" data-widget_type=\"heading.default\">\n\t\t\t\t<div class=\"elementor-widget-container\">\n\t\t\t<h2 class=\"elementor-heading-title elementor-size-default\">Item Finder<\/h2>\t\t<\/div>\n\t\t\t\t<\/div>\n\t\t\t\t<div class=\"elementor-element elementor-element-125c0142 elementor-widget elementor-widget-text-editor\" data-id=\"125c0142\" data-element_type=\"widget\" data-widget_type=\"text-editor.default\">\n\t\t\t\t<div class=\"elementor-widget-container\">\n\t\t\t\t\t<div class=\"elementor-text-editor elementor-clearfix\"><p><!-- wp:paragraph --><\/p>\n<p>Identyfikacja obiekt\u00f3w na fotografiach, analiza obraz\u00f3w.<\/p>\n<p><!-- \/wp:paragraph --><\/p>\n<p><!-- wp:paragraph --><\/p>\n<p>Wsp\u00f3lnie z pracownikami naukowymi Akademii G\u00f3rniczo-Hutniczej w Krakowie opracowali\u015bmy system wspieraj\u0105cy proces rozpoznania zawarto\u015bci fotografii. Dysponujemy w\u0142asn\u0105 platform\u0105 przetwarzania danych, nasze serwery umieszczone s\u0105 w budynku Krakowskiego Parku Technologicznego. Klientom zapewniamy bezpiecze\u0144stwo i poufno\u015b\u0107 przechowywanych danych. System umo\u017cliwia automatyzacj\u0119 przetwarzania danych np. pochodz\u0105cych z paragon\u00f3w sprzeda\u017cy celem obs\u0142ugi dzia\u0142a\u0144 promocyjnych i opracowania raport\u00f3w sprzeda\u017cy. Oprogramowanie wykorzystywane jest w badaniach dost\u0119pno\u015bci towar\u00f3w na p\u00f3\u0142kach (on shelf avaliable) prowadzonych dla dostawc\u00f3w i dystrybutor\u00f3w w sieciach sprzeda\u017cy. \u015aci\u015ble wsp\u00f3\u0142pracujemy z <a href=\"https:\/\/abrsesta.com\/pl\/\">ABR SESTA sp. z o.o.<\/a>, <a href=\"http:\/\/companion.pl\/\">Companion Sp. z o.o.<\/a>oraz <a href=\"https:\/\/tesco.pl\/\">Tesco Polska sp. z o.o.<\/a> Oprogramowanie umo\u017cliwia integracj\u0119 z systemami informatycznymi klient\u00f3w, gotowe API zapewnia anonimizacj\u0119 danych i wysokie standardy bezpiecze\u0144stwa (proces przetwarzania zgodny z normami ISO 27001).<\/p>\n<p><!-- \/wp:paragraph --><\/p>\n<p><!-- wp:paragraph --><\/p>\n<p>Oprogramowanie oferowane jest przez naszych partner\u00f3w, korzy\u015bci zwi\u0105zane z jego u\u017cytkowaniem przedstawia <a href=\"http:\/\/145.239.93.204\/wp\/itemfinder\/\">prezentacja<\/a>.<\/p>\n<p><!-- \/wp:paragraph --><\/p>\n<p><!-- wp:paragraph --><\/p>\n<p>Platforma przetwarzania danych posiada zaimplementowany inteligentny system OCR, kt\u00f3ry przy pomocy nowatorskich metod SFT (ang. Stroke Features Transform) oraz TCD (ang. Text Covariance Descriptor) wykrywa na obrazie wszystkie regiony zawieraj\u0105ce tekst (np. nazw\u0119 produktu, jego opis i cen\u0119), a nast\u0119pnie zasila wyekstrahowanym tekstem modu\u0142 OCR co pozwala w pe\u0142ni zautomatyzowa\u0107 proces dodawania nowych obraz\u00f3w. System wnioskowania rozmytego, kt\u00f3ry na podstawie w\u0142a\u015bciwo\u015bci wykrytych blok\u00f3w tekstowych (wielko\u015b\u0107, po\u0142o\u017cenie, tre\u015b\u0107) samodzielnie decyduje czy dany blok jest nazw\u0105 produktu czy na przyk\u0142ad cen\u0105. Dzi\u0119ki tym usprawnieniom system dzia\u0142a praktycznie ca\u0142kowicie bez zaanga\u017cowania u\u017cytkownika.<\/p>\n<p><!-- \/wp:paragraph --><\/p>\n<p><!-- wp:paragraph --><\/p>\n<p>Efektem dzia\u0142ania systemu jest identyfikacja obiekt\u00f3w na fotografiach ze skuteczno\u015bci\u0105 przekraczaj\u0105c\u0105 95% (poziom fa\u0142szywych wykry\u0107 nie przekracza 3%).<\/p>\n<p><!-- \/wp:paragraph --><\/p>\n<p><!-- wp:paragraph --><\/p>\n<p>Oferowane rozwi\u0105zania wykorzystywane mog\u0105 by\u0107 w procesie identyfikacji dowolnych dokument\u00f3w to\u017csamo\u015bci, kart lojalno\u015bciowych czy<br>te\u017c etykiet celem usprawnienia procesu weryfikacji klient\u00f3w i eliminacji potencjalnych nadu\u017cy\u0107 (banki, instytucje finansowe oraz obiekty u\u017cyteczno\u015bci publicznej).<\/p>\n<p><!-- \/wp:paragraph --><\/p>\n<p><!-- wp:image {\"id\":12057,\"sizeSlug\":\"large\"} --><\/p>\n<figure class=\"wp-block-image size-large\"><img loading=\"lazy\" width=\"800\" height=\"2841\" src=\"http:\/\/new.voicefinder.pl\/wp-content\/uploads\/2020\/01\/itemfinder_schemat_polski-800x2841.jpg\" alt=\"\" class=\"wp-image-12057\" srcset=\"http:\/\/voicefinder.pl\/wp-content\/uploads\/2020\/01\/itemfinder_schemat_polski-scaled.jpg 800w, http:\/\/voicefinder.pl\/wp-content\/uploads\/2020\/01\/itemfinder_schemat_polski-768x2727.jpg 768w\" sizes=\"(max-width: 800px) 100vw, 800px\" \/><\/figure>\n<p><!-- \/wp:image --><\/p><\/div>\n\t\t\t\t<\/div>\n\t\t\t\t<\/div>\n\t\t\t\t<div class=\"elementor-element elementor-element-66b9a79 elementor-widget-divider--view-line elementor-widget elementor-widget-divider\" data-id=\"66b9a79\" data-element_type=\"widget\" data-widget_type=\"divider.default\">\n\t\t\t\t<div class=\"elementor-widget-container\">\n\t\t\t\t\t<div class=\"elementor-divider\">\n\t\t\t<span class=\"elementor-divider-separator\">\n\t\t\t\t\t\t<\/span>\n\t\t<\/div>\n\t\t\t\t<\/div>\n\t\t\t\t<\/div>\n\t\t\t\t\t\t<\/div>\n\t\t\t\t\t<\/div>\n\t\t<\/div>\n\t\t\t\t\t\t\t\t<\/div>\n\t\t\t\t\t<\/div>\n\t\t<\/section>\n\t\t\t\t<section class=\"elementor-section elementor-top-section elementor-element elementor-element-1c6c4d4 elementor-section-boxed elementor-section-height-default elementor-section-height-default\" data-id=\"1c6c4d4\" data-element_type=\"section\">\n\t\t\t\t\t\t<div class=\"elementor-container elementor-column-gap-default\">\n\t\t\t\t\t\t\t<div class=\"elementor-row\">\n\t\t\t\t\t<div class=\"elementor-column elementor-col-33 elementor-top-column elementor-element elementor-element-a62f077\" data-id=\"a62f077\" data-element_type=\"column\">\n\t\t\t<div class=\"elementor-column-wrap elementor-element-populated\">\n\t\t\t\t\t\t\t<div class=\"elementor-widget-wrap\">\n\t\t\t\t\t\t<div class=\"elementor-element elementor-element-42cae2b elementor-widget elementor-widget-image\" data-id=\"42cae2b\" data-element_type=\"widget\" data-widget_type=\"image.default\">\n\t\t\t\t<div class=\"elementor-widget-container\">\n\t\t\t\t\t<div class=\"elementor-image\">\n\t\t\t\t\t\t\t<figure class=\"wp-caption\">\n\t\t\t\t\t\t\t\t\t\t\t<a href=\"http:\/\/new.voicefinder.pl\/voice-finder\/\">\n\t\t\t\t\t\t\t<img src=\"http:\/\/voicefinder.pl\/wp-content\/uploads\/elementor\/thumbs\/Voice_FINDER-ojzwu81qnhjxt3egqvssqpkbp9wz5flfhpfp7bmvi8.png\" title=\"Voice_FINDER\" alt=\"Voice_FINDER\" class=\"elementor-animation-shrink\" \/>\t\t\t\t\t\t\t\t<\/a>\n\t\t\t\t\t\t\t\t\t\t\t<figcaption class=\"widget-image-caption wp-caption-text\">Voice Finder<\/figcaption>\n\t\t\t\t\t\t\t\t\t\t<\/figure>\n\t\t\t\t\t<\/div>\n\t\t\t\t<\/div>\n\t\t\t\t<\/div>\n\t\t\t\t\t\t<\/div>\n\t\t\t\t\t<\/div>\n\t\t<\/div>\n\t\t\t\t<div class=\"elementor-column elementor-col-33 elementor-top-column elementor-element elementor-element-3503f0b\" data-id=\"3503f0b\" data-element_type=\"column\">\n\t\t\t<div class=\"elementor-column-wrap elementor-element-populated\">\n\t\t\t\t\t\t\t<div class=\"elementor-widget-wrap\">\n\t\t\t\t\t\t<div class=\"elementor-element elementor-element-00dfebc elementor-widget elementor-widget-image\" data-id=\"00dfebc\" data-element_type=\"widget\" data-widget_type=\"image.default\">\n\t\t\t\t<div class=\"elementor-widget-container\">\n\t\t\t\t\t<div class=\"elementor-image\">\n\t\t\t\t\t\t\t<figure class=\"wp-caption\">\n\t\t\t\t\t\t\t\t\t\t\t<a href=\"http:\/\/new.voicefinder.pl\/image-finder\/\">\n\t\t\t\t\t\t\t<img src=\"http:\/\/voicefinder.pl\/wp-content\/uploads\/elementor\/thumbs\/Image_FINDER-ojzwu81qnhjxt3egqvssqpkbp9wz5flfhpfp7bmvi8.png\" title=\"Image_FINDER\" alt=\"Image_FINDER\" class=\"elementor-animation-shrink\" \/>\t\t\t\t\t\t\t\t<\/a>\n\t\t\t\t\t\t\t\t\t\t\t<figcaption class=\"widget-image-caption wp-caption-text\">Image Finder<\/figcaption>\n\t\t\t\t\t\t\t\t\t\t<\/figure>\n\t\t\t\t\t<\/div>\n\t\t\t\t<\/div>\n\t\t\t\t<\/div>\n\t\t\t\t\t\t<\/div>\n\t\t\t\t\t<\/div>\n\t\t<\/div>\n\t\t\t\t<div class=\"elementor-column elementor-col-33 elementor-top-column elementor-element elementor-element-d321974\" data-id=\"d321974\" data-element_type=\"column\">\n\t\t\t<div class=\"elementor-column-wrap elementor-element-populated\">\n\t\t\t\t\t\t\t<div class=\"elementor-widget-wrap\">\n\t\t\t\t\t\t<div class=\"elementor-element elementor-element-8eb4a6c elementor-widget elementor-widget-image\" data-id=\"8eb4a6c\" data-element_type=\"widget\" data-widget_type=\"image.default\">\n\t\t\t\t<div class=\"elementor-widget-container\">\n\t\t\t\t\t<div class=\"elementor-image\">\n\t\t\t\t\t\t\t<figure class=\"wp-caption\">\n\t\t\t\t\t\t\t\t\t\t\t<a href=\"http:\/\/new.voicefinder.pl\/copy-finder\/\">\n\t\t\t\t\t\t\t<img src=\"http:\/\/voicefinder.pl\/wp-content\/uploads\/elementor\/thumbs\/Copy_FINDER-ojzwu73wgninhhftwde667sv3w1lxqhp5ks7q1o9og.png\" title=\"Copy_FINDER\" alt=\"Copy_FINDER\" class=\"elementor-animation-shrink\" \/>\t\t\t\t\t\t\t\t<\/a>\n\t\t\t\t\t\t\t\t\t\t\t<figcaption class=\"widget-image-caption wp-caption-text\">Copy Finder<\/figcaption>\n\t\t\t\t\t\t\t\t\t\t<\/figure>\n\t\t\t\t\t<\/div>\n\t\t\t\t<\/div>\n\t\t\t\t<\/div>\n\t\t\t\t\t\t<\/div>\n\t\t\t\t\t<\/div>\n\t\t<\/div>\n\t\t\t\t\t\t\t\t<\/div>\n\t\t\t\t\t<\/div>\n\t\t<\/section>\n\t\t\t\t\t\t<\/div>\n\t\t\t\t\t\t<\/div>\n\t\t\t\t\t<\/div>","protected":false},"excerpt":{"rendered":"<p>Item Finder Identyfikacja obiekt\u00f3w na fotografiach, analiza obraz\u00f3w. Wsp\u00f3lnie z&hellip;<\/p>\n<p> <a class=\"more-link\" href=\"http:\/\/voicefinder.pl\/en\/item-finder\/\">Read more<\/a><\/p>","protected":false},"author":1,"featured_media":12094,"parent":0,"menu_order":0,"comment_status":"closed","ping_status":"closed","template":"","meta":[],"_links":{"self":[{"href":"http:\/\/voicefinder.pl\/en\/wp-json\/wp\/v2\/pages\/12056"}],"collection":[{"href":"http:\/\/voicefinder.pl\/en\/wp-json\/wp\/v2\/pages"}],"about":[{"href":"http:\/\/voicefinder.pl\/en\/wp-json\/wp\/v2\/types\/page"}],"author":[{"embeddable":true,"href":"http:\/\/voicefinder.pl\/en\/wp-json\/wp\/v2\/users\/1"}],"replies":[{"embeddable":true,"href":"http:\/\/voicefinder.pl\/en\/wp-json\/wp\/v2\/comments?post=12056"}],"version-history":[{"count":16,"href":"http:\/\/voicefinder.pl\/en\/wp-json\/wp\/v2\/pages\/12056\/revisions"}],"predecessor-version":[{"id":12434,"href":"http:\/\/voicefinder.pl\/en\/wp-json\/wp\/v2\/pages\/12056\/revisions\/12434"}],"wp:featuredmedia":[{"embeddable":true,"href":"http:\/\/voicefinder.pl\/en\/wp-json\/wp\/v2\/media\/12094"}],"wp:attachment":[{"href":"http:\/\/voicefinder.pl\/en\/wp-json\/wp\/v2\/media?parent=12056"}],"curies":[{"name":"wp","href":"https:\/\/api.w.org\/{rel}","templated":true}]}}